{"id":62,"date":"2012-03-14T08:29:35","date_gmt":"2012-03-14T08:29:35","guid":{"rendered":"http:\/\/mkruse.medienzentrum-clp.de\/loeningen\/?page_id=62"},"modified":"2022-03-30T08:19:38","modified_gmt":"2022-03-30T07:19:38","slug":"kontakt","status":"publish","type":"page","link":"https:\/\/www.xn--mks-lningen-vfb.de\/?page_id=62","title":{"rendered":"Kontakt"},"content":{"rendered":"<p>So erreichen Sie uns:<\/p>\n<p><strong>Maximilian-Kolbe-Schule<\/strong><\/p>\n<p>F\u00f6rderzentrum<br \/>F\u00f6rderschule Schwerpunkt Geistige Entwicklung<br \/>Hohes Ufer 1 -3<br \/>49624 L\u00f6ningen<\/p>\n<ul>\n<li>Schul-Email:\u00a0<span style=\"color: #3366ff;\"><a style=\"color: #3366ff;\" href=\"URL:mailto:maximilian.kolbe.schule@ewetel.net\">maximilian.kolbe.schule@ewetel.net<\/a><\/span><\/li>\n<li>Tel.: 05432 &#8211; 92216<\/li>\n<li>Fax: 05432 &#8211; 92218<\/li>\n<li>Email:\u00a0<span style=\"color: #3366ff;\"><a style=\"color: #3366ff;\" href=\"mailto:sekretariat@maximilian-kolbe-schule-loeningen.de\">sekretariat@maximilian-kolbe-schule-loeningen.de<\/a><\/span>\u00a0(Sekret\u00e4rin)<\/li>\n<li>Email:\u00a0<span style=\"color: #3366ff;\"><a style=\"color: #3366ff;\" href=\"mailto:krassen@maximilian-kolbe-schule-loeningen.de\">krassen@maximilian-kolbe-schule-loeningen.de<\/a><\/span>\u00a0(F\u00f6rderschulrektorin)<\/li>\n<li>Email: <a href=\"mailto:schwarz@maximilian-kolbe-schule-loeningen.de\">schwarz@maximilian-kolbe-schule-loeningen.de<\/a> <span style=\"color: #000000;\">(F\u00f6rderschulkonrektorin)<\/span><\/li>\n<li>Email: <a href=\"richter@maximilian-kolbe-schule-loeningen.de\">richter@maximilian-kolbe-schule-loeningen.de <\/a>(Hausmeister)<\/li>\n<\/ul>\n\n\n<p><\/p>\n","protected":false},"excerpt":{"rendered":"<p>So erreichen Sie uns: Maximilian-Kolbe-Schule F\u00f6rderzentrumF\u00f6rderschule Schwerpunkt Geistige EntwicklungHohes Ufer 1 -349624 L\u00f6ningen Schul-Email:\u00a0maximilian.kolbe.schule@ewetel.net Tel.: 05432 &#8211; 92216 Fax: 05432 &#8211; 92218 Email:\u00a0sekretariat@maximilian-kolbe-schule-loeningen.de\u00a0(Sekret\u00e4rin) Email:\u00a0krassen@maximilian-kolbe-schule-loeningen.de\u00a0(F\u00f6rderschulrektorin) Email: schwarz@maximilian-kolbe-schule-loeningen.de (F\u00f6rderschulkonrektorin) Email: richter@maximilian-kolbe-schule-loeningen.de (Hausmeister)<\/p>\n","protected":false},"author":2,"featured_media":0,"parent":0,"menu_order":0,"comment_status":"closed","ping_status":"open","template":"","meta":{"footnotes":"","_links_to":"","_links_to_target":""},"class_list":["post-62","page","type-page","status-publish","hentry"],"_links":{"self":[{"href":"https:\/\/www.xn--mks-lningen-vfb.de\/index.php?rest_route=\/wp\/v2\/pages\/62","targetHints":{"allow":["GET"]}}],"collection":[{"href":"https:\/\/www.xn--mks-lningen-vfb.de\/index.php?rest_route=\/wp\/v2\/pages"}],"about":[{"href":"https:\/\/www.xn--mks-lningen-vfb.de\/index.php?rest_route=\/wp\/v2\/types\/page"}],"author":[{"embeddable":true,"href":"https:\/\/www.xn--mks-lningen-vfb.de\/index.php?rest_route=\/wp\/v2\/users\/2"}],"replies":[{"embeddable":true,"href":"https:\/\/www.xn--mks-lningen-vfb.de\/index.php?rest_route=%2Fwp%2Fv2%2Fcomments&post=62"}],"version-history":[{"count":12,"href":"https:\/\/www.xn--mks-lningen-vfb.de\/index.php?rest_route=\/wp\/v2\/pages\/62\/revisions"}],"predecessor-version":[{"id":14037,"href":"https:\/\/www.xn--mks-lningen-vfb.de\/index.php?rest_route=\/wp\/v2\/pages\/62\/revisions\/14037"}],"wp:attachment":[{"href":"https:\/\/www.xn--mks-lningen-vfb.de\/index.php?rest_route=%2Fwp%2Fv2%2Fmedia&parent=62"}],"curies":[{"name":"wp","href":"https:\/\/api.w.org\/{rel}","templated":true}]}}