{"id":615,"date":"2014-02-05T15:03:24","date_gmt":"2014-02-05T14:03:24","guid":{"rendered":"http:\/\/www.xn--mks-lningen-vfb.de\/?page_id=615"},"modified":"2024-09-02T10:05:00","modified_gmt":"2024-09-02T09:05:00","slug":"foerderzentrum","status":"publish","type":"page","link":"https:\/\/www.xn--mks-lningen-vfb.de\/?page_id=615","title":{"rendered":"F\u00f6rderzentrum"},"content":{"rendered":"<p>Die MKS ist gleichzeitgig auch F\u00f6rderzentrum f\u00fcr die Schulen unseres Einzugsgebietes:<\/p>\n<ul>\n<li>Gelbrinkschule L\u00f6ningen<\/li>\n<li>GS Wachtum<\/li>\n<li>GS Evenkamp<\/li>\n<li>GS Bunnen<\/li>\n<li>GS Bevern<\/li>\n<li>GS Essen<\/li>\n<li>GOBS Lindern<\/li>\n<li>OBS Lastrup<\/li>\n<li>OBS Essen<\/li>\n<li>Gutenberschule L\u00f6ningen, Hauptschule<\/li>\n<li>St.- Ludgeri-Schule, Realschule L\u00f6ningen<\/li>\n<\/ul>\n","protected":false},"excerpt":{"rendered":"<p>Die MKS ist gleichzeitgig auch F\u00f6rderzentrum f\u00fcr die Schulen unseres Einzugsgebietes: Gelbrinkschule L\u00f6ningen GS Wachtum GS Evenkamp GS Bunnen GS Bevern GS Essen GOBS Lindern OBS Lastrup OBS Essen Gutenberschule L\u00f6ningen, Hauptschule St.- Ludgeri-Schule, Realschule L\u00f6ningen<\/p>\n","protected":false},"author":2,"featured_media":0,"parent":0,"menu_order":0,"comment_status":"closed","ping_status":"closed","template":"","meta":{"footnotes":"","_links_to":"","_links_to_target":""},"class_list":["post-615","page","type-page","status-publish","hentry"],"_links":{"self":[{"href":"https:\/\/www.xn--mks-lningen-vfb.de\/index.php?rest_route=\/wp\/v2\/pages\/615","targetHints":{"allow":["GET"]}}],"collection":[{"href":"https:\/\/www.xn--mks-lningen-vfb.de\/index.php?rest_route=\/wp\/v2\/pages"}],"about":[{"href":"https:\/\/www.xn--mks-lningen-vfb.de\/index.php?rest_route=\/wp\/v2\/types\/page"}],"author":[{"embeddable":true,"href":"https:\/\/www.xn--mks-lningen-vfb.de\/index.php?rest_route=\/wp\/v2\/users\/2"}],"replies":[{"embeddable":true,"href":"https:\/\/www.xn--mks-lningen-vfb.de\/index.php?rest_route=%2Fwp%2Fv2%2Fcomments&post=615"}],"version-history":[{"count":2,"href":"https:\/\/www.xn--mks-lningen-vfb.de\/index.php?rest_route=\/wp\/v2\/pages\/615\/revisions"}],"predecessor-version":[{"id":15612,"href":"https:\/\/www.xn--mks-lningen-vfb.de\/index.php?rest_route=\/wp\/v2\/pages\/615\/revisions\/15612"}],"wp:attachment":[{"href":"https:\/\/www.xn--mks-lningen-vfb.de\/index.php?rest_route=%2Fwp%2Fv2%2Fmedia&parent=615"}],"curies":[{"name":"wp","href":"https:\/\/api.w.org\/{rel}","templated":true}]}}