{"id":580,"date":"2014-01-21T19:08:16","date_gmt":"2014-01-21T18:08:16","guid":{"rendered":"http:\/\/www.xn--mks-lningen-vfb.de\/?page_id=580"},"modified":"2026-02-19T10:21:09","modified_gmt":"2026-02-19T09:21:09","slug":"foerderverein","status":"publish","type":"page","link":"https:\/\/www.xn--mks-lningen-vfb.de\/?page_id=580","title":{"rendered":"F\u00f6rderverein"},"content":{"rendered":"\n<p>Der neue Vorstand des F\u00f6rdervereins wurde 2023 gew\u00e4hlt:<\/p>\n\n\n\n<div class=\"wp-block-media-text is-stacked-on-mobile\" style=\"grid-template-columns:52% auto\"><figure class=\"wp-block-media-text__media\"><img loading=\"lazy\" decoding=\"async\" width=\"1024\" height=\"683\" src=\"https:\/\/www.xn--mks-lningen-vfb.de\/wp-content\/uploads\/2023\/09\/Foerderverein--1024x683.jpg\" alt=\"\" class=\"wp-image-14835 size-full\" srcset=\"https:\/\/www.xn--mks-lningen-vfb.de\/wp-content\/uploads\/2023\/09\/Foerderverein--1024x683.jpg 1024w, https:\/\/www.xn--mks-lningen-vfb.de\/wp-content\/uploads\/2023\/09\/Foerderverein--300x200.jpg 300w, https:\/\/www.xn--mks-lningen-vfb.de\/wp-content\/uploads\/2023\/09\/Foerderverein--768x512.jpg 768w, https:\/\/www.xn--mks-lningen-vfb.de\/wp-content\/uploads\/2023\/09\/Foerderverein--1536x1024.jpg 1536w, https:\/\/www.xn--mks-lningen-vfb.de\/wp-content\/uploads\/2023\/09\/Foerderverein--2048x1365.jpg 2048w, https:\/\/www.xn--mks-lningen-vfb.de\/wp-content\/uploads\/2023\/09\/Foerderverein--450x300.jpg 450w\" sizes=\"auto, (max-width: 1024px) 100vw, 1024px\" \/><\/figure><div class=\"wp-block-media-text__content\">\n<p>von links:                                                                                                                                                                                            <\/p>\n\n\n\n<p>Schulleiterin: A. Krassen   Vorsitzende: Eva Willen Kassenwartin: Jessica Stindt Beisitzerin: Anne T\u00f6nnies Gesch\u00e4ftsf\u00fchrerin: Gabi Bokel<\/p>\n<\/div><\/div>\n\n\n<div id=\"attachment_9502\" style=\"width: 310px\" class=\"wp-caption alignleft\"><a href=\"http:\/\/www.xn--mks-lningen-vfb.de\/wp-content\/uploads\/2014\/01\/F\u00f6rderverein-2016-17.jpg\" rel=\"lightbox[580]\"><img loading=\"lazy\" decoding=\"async\" aria-describedby=\"caption-attachment-9502\" class=\"wp-image-9502 size-medium\" src=\"http:\/\/www.xn--mks-lningen-vfb.de\/wp-content\/uploads\/2014\/01\/F\u00f6rderverein-2016-17-300x241.jpg\" alt=\"F\u00f6rderverein 2016-17\" width=\"300\" height=\"241\" data-id=\"9502\" srcset=\"https:\/\/www.xn--mks-lningen-vfb.de\/wp-content\/uploads\/2014\/01\/F\u00f6rderverein-2016-17-300x241.jpg 300w, https:\/\/www.xn--mks-lningen-vfb.de\/wp-content\/uploads\/2014\/01\/F\u00f6rderverein-2016-17-1024x825.jpg 1024w, https:\/\/www.xn--mks-lningen-vfb.de\/wp-content\/uploads\/2014\/01\/F\u00f6rderverein-2016-17-372x300.jpg 372w\" sizes=\"auto, (max-width: 300px) 100vw, 300px\" \/><\/a><p id=\"caption-attachment-9502\" class=\"wp-caption-text\">Vorstandsmitglieder unseres F\u00f6rderverein 2016\/17- Kassenpr\u00fcferin Christina Grelle, Vorsitzende Birgit Schm\u00fccker, Kassenpr\u00fcferin Carolin Schmees, Schulleiterin Annegret Krassen, Kassenwartin Jessica Stindt, Schriftf\u00fchrerin Eva Fye-Sudendorf, Gesch\u00e4ftsf\u00fchrerin Gabi Bokel (v.l.)<\/p><\/div>\n<p>Der Verein der Freunde und F\u00f6rderer der Maximilian-Kolbe-Schule besteht seit 2001. Unsere Zielsetzung ist es, vor allem die p\u00e4dagogische Arbeit an unserer Schule zu unterst\u00fctzen. Hierbei geben wir besonders gerne Zusch\u00fcsse f\u00fcr den Besuch au\u00dferschulischer Lernstandorte wie Museen, Ausstellungen, Theater, Klassenfahrten und soziale Einrichtungen. Der Besuch solcher Einrichtungen f\u00f6rdert die Lernmotivation und das Lernverm\u00f6gen unserer Sch\u00fclerinnen und Sch\u00fcler besonders. Aber auch Spielmaterial f\u00fcr eine sinnvolle Pausengestaltung, zus\u00e4tzliche Lehr- und Lernmittel sowie therapeutische F\u00f6rderstationen k\u00f6nnen wir auf diese Weise finanzieren. Die mittlerweile circa 70 Mitglieder werden durch einmalige Spenden von Firmen und Privatleuten aus L\u00f6ningen unterst\u00fctzt. Als eingetragener Verein sind wir berechtigt, Spendenquittungen auszustellen.<\/p>\n<p style=\"text-align: justify;\">Werden auch Sie Mitglied unseres Vereins! Sie unterst\u00fctzen damit Kinder, die kaum eine Lobby haben. Eine Spendenbescheinigung stellen wir Ihnen gerne aus.<\/p>\n<p style=\"text-align: justify;\"><span style=\"text-decoration: underline;\">Bankverbindung:<\/span><\/p>\n<ul>\n<li>\n<div style=\"text-align: justify;\">F\u00f6rderverein der Maximilian-Kolbe-Schule, e.V<\/div>\n<\/li>\n<li>\n<div style=\"text-align: justify;\">IBAN: DE14 2806 5061 0003 2182 00<\/div>\n<\/li>\n<li>\n<div style=\"text-align: justify;\">BIC: GENODEF1LOG<\/div>\n<\/li>\n<li>\n<div style=\"text-align: justify;\">Volksbank L\u00f6ningen<\/div>\n<\/li>\n<\/ul>\n<p><a href=\"https:\/\/www.xn--mks-lningen-vfb.de\/wp-content\/uploads\/2024\/09\/Mitgliedsantrag-Spende-SEPA-MKS.doc\">Mitgliedsantrag, Spende, SEPA- MKS<\/a><\/p>\n<div id=\"attachment_9567\" style=\"width: 405px\" class=\"wp-caption aligncenter\"><a href=\"http:\/\/www.xn--mks-lningen-vfb.de\/wp-content\/uploads\/2014\/01\/MT-14.9.16-F\u00f6rderverein.jpg\" rel=\"lightbox[580]\"><img loading=\"lazy\" decoding=\"async\" aria-describedby=\"caption-attachment-9567\" class=\"wp-image-9567\" src=\"http:\/\/www.xn--mks-lningen-vfb.de\/wp-content\/uploads\/2014\/01\/MT-14.9.16-F\u00f6rderverein-300x113.jpg\" alt=\"MT 14.9.16 F\u00f6rderverein\" width=\"395\" height=\"149\" data-id=\"9567\" srcset=\"https:\/\/www.xn--mks-lningen-vfb.de\/wp-content\/uploads\/2014\/01\/MT-14.9.16-F\u00f6rderverein-300x113.jpg 300w, https:\/\/www.xn--mks-lningen-vfb.de\/wp-content\/uploads\/2014\/01\/MT-14.9.16-F\u00f6rderverein-1024x386.jpg 1024w, https:\/\/www.xn--mks-lningen-vfb.de\/wp-content\/uploads\/2014\/01\/MT-14.9.16-F\u00f6rderverein-500x188.jpg 500w, https:\/\/www.xn--mks-lningen-vfb.de\/wp-content\/uploads\/2014\/01\/MT-14.9.16-F\u00f6rderverein.jpg 1888w\" sizes=\"auto, (max-width: 395px) 100vw, 395px\" \/><\/a><p id=\"caption-attachment-9567\" class=\"wp-caption-text\">Artikel in der MT vom 14.09.2016<\/p><\/div>\n\n\n<div class=\"wp-block-media-text is-stacked-on-mobile\"><figure class=\"wp-block-media-text__media\"><img loading=\"lazy\" decoding=\"async\" width=\"1024\" height=\"402\" src=\"https:\/\/www.xn--mks-lningen-vfb.de\/wp-content\/uploads\/2025\/02\/IMG_0546-1-1024x402.jpeg\" alt=\"\" class=\"wp-image-15936 size-full\" srcset=\"https:\/\/www.xn--mks-lningen-vfb.de\/wp-content\/uploads\/2025\/02\/IMG_0546-1-1024x402.jpeg 1024w, https:\/\/www.xn--mks-lningen-vfb.de\/wp-content\/uploads\/2025\/02\/IMG_0546-1-300x118.jpeg 300w, https:\/\/www.xn--mks-lningen-vfb.de\/wp-content\/uploads\/2025\/02\/IMG_0546-1-768x301.jpeg 768w, https:\/\/www.xn--mks-lningen-vfb.de\/wp-content\/uploads\/2025\/02\/IMG_0546-1-1536x602.jpeg 1536w, https:\/\/www.xn--mks-lningen-vfb.de\/wp-content\/uploads\/2025\/02\/IMG_0546-1-2048x803.jpeg 2048w, https:\/\/www.xn--mks-lningen-vfb.de\/wp-content\/uploads\/2025\/02\/IMG_0546-1-500x196.jpeg 500w\" sizes=\"auto, (max-width: 1024px) 100vw, 1024px\" \/><\/figure><div class=\"wp-block-media-text__content\">\n<p>Die Kolpingsfamilie spendet f\u00fcr unseren F\u00f6rderverein<\/p>\n\n\n\n<p>MT vom 31.1.25<\/p>\n\n\n\n<p>Der F\u00f6rderverein der Schule erhielt aus den Erl\u00f6sen der Tannenbaumaktion der Kolpingfamilie L\u00f6ningen 1000,00 Euro. Wir freuen uns sehr \u00fcber die gro\u00dfz\u00fcgige Spende und bedanken uns sehr herzlich!<\/p>\n<\/div><\/div>\n\n\n\n<p><\/p>\n","protected":false},"excerpt":{"rendered":"<p>Der neue Vorstand des F\u00f6rdervereins wurde 2023 gew\u00e4hlt: von links: Schulleiterin: A. Krassen Vorsitzende: Eva Willen Kassenwartin: Jessica Stindt Beisitzerin: Anne T\u00f6nnies Gesch\u00e4ftsf\u00fchrerin: Gabi Bokel Der Verein der Freunde und F\u00f6rderer der Maximilian-Kolbe-Schule besteht seit 2001. Unsere Zielsetzung ist es, &hellip; <a href=\"https:\/\/www.xn--mks-lningen-vfb.de\/?page_id=580\">Weiterlesen <span class=\"meta-nav\">&rarr;<\/span><\/a><\/p>\n","protected":false},"author":2,"featured_media":0,"parent":0,"menu_order":0,"comment_status":"closed","ping_status":"open","template":"","meta":{"footnotes":"","_links_to":"","_links_to_target":""},"class_list":["post-580","page","type-page","status-publish","hentry"],"_links":{"self":[{"href":"https:\/\/www.xn--mks-lningen-vfb.de\/index.php?rest_route=\/wp\/v2\/pages\/580","targetHints":{"allow":["GET"]}}],"collection":[{"href":"https:\/\/www.xn--mks-lningen-vfb.de\/index.php?rest_route=\/wp\/v2\/pages"}],"about":[{"href":"https:\/\/www.xn--mks-lningen-vfb.de\/index.php?rest_route=\/wp\/v2\/types\/page"}],"author":[{"embeddable":true,"href":"https:\/\/www.xn--mks-lningen-vfb.de\/index.php?rest_route=\/wp\/v2\/users\/2"}],"replies":[{"embeddable":true,"href":"https:\/\/www.xn--mks-lningen-vfb.de\/index.php?rest_route=%2Fwp%2Fv2%2Fcomments&post=580"}],"version-history":[{"count":16,"href":"https:\/\/www.xn--mks-lningen-vfb.de\/index.php?rest_route=\/wp\/v2\/pages\/580\/revisions"}],"predecessor-version":[{"id":16467,"href":"https:\/\/www.xn--mks-lningen-vfb.de\/index.php?rest_route=\/wp\/v2\/pages\/580\/revisions\/16467"}],"wp:attachment":[{"href":"https:\/\/www.xn--mks-lningen-vfb.de\/index.php?rest_route=%2Fwp%2Fv2%2Fmedia&parent=580"}],"curies":[{"name":"wp","href":"https:\/\/api.w.org\/{rel}","templated":true}]}}