{"id":576,"date":"2014-01-21T19:04:47","date_gmt":"2014-01-21T18:04:47","guid":{"rendered":"http:\/\/www.xn--mks-lningen-vfb.de\/?page_id=576"},"modified":"2023-03-10T10:33:11","modified_gmt":"2023-03-10T09:33:11","slug":"naeh-werkstatt","status":"publish","type":"page","link":"https:\/\/www.xn--mks-lningen-vfb.de\/?page_id=576","title":{"rendered":"Ergotherapie"},"content":{"rendered":"<p>In unserer Schule steht f\u00fcr den gesamten Schulalltag eine ausgebildete Ergotherapeutin zur Verf\u00fcgung, die sich mit den Kindern in Einzel- und auch Gruppentherapie besch\u00e4ftigt. Ihr Name ist Carolin Schmees.<\/p>\n<p style=\"text-align: left;\"><a href=\"http:\/\/www.xn--mks-lningen-vfb.de\/wp-content\/uploads\/2018\/03\/Ergotherapie.jpg\" rel=\"lightbox[576]\"><img loading=\"lazy\" decoding=\"async\" class=\"aligncenter wp-image-10987 size-medium\" src=\"http:\/\/www.xn--mks-lningen-vfb.de\/wp-content\/uploads\/2018\/03\/Ergotherapie-300x200.jpg\" alt=\"\" width=\"300\" height=\"200\" data-id=\"10987\" srcset=\"https:\/\/www.xn--mks-lningen-vfb.de\/wp-content\/uploads\/2018\/03\/Ergotherapie-300x200.jpg 300w, https:\/\/www.xn--mks-lningen-vfb.de\/wp-content\/uploads\/2018\/03\/Ergotherapie-768x512.jpg 768w, https:\/\/www.xn--mks-lningen-vfb.de\/wp-content\/uploads\/2018\/03\/Ergotherapie-1024x683.jpg 1024w, https:\/\/www.xn--mks-lningen-vfb.de\/wp-content\/uploads\/2018\/03\/Ergotherapie-450x300.jpg 450w\" sizes=\"auto, (max-width: 300px) 100vw, 300px\" \/><\/a>Ergotherapie soll unseren Kindern helfen, eine gr\u00f6\u00dftm\u00f6gliche Handlungsf\u00e4higkeit und damit Selbst\u00e4ndigkeit im Alltag und im weiteren Umfeld sowie individuell eine verbesserte Entwicklung der Kommunikation, Motorik, Koordination und Wahrnehmung zu erreichen. Das wird durch spielerische Angebote gef\u00f6rdert. Ergotherapeutisch behandelt werden Kinder mit zum Beispiel neurologischen, orthop\u00e4dischen oder psychiatrischen Beeintr\u00e4chtigungen bzw. Erkrankungen. Unterst\u00fctzung finden Kinder mit allgemeinen Entwicklungsverz\u00f6gerungen, Problemen in der Fein- und Grafomotorik, St\u00f6rungen in der Grobmotorik und Wahrnehmung (sensorische Integrationsst\u00f6rung), mit Lernschw\u00e4chen (Lesen, Schreiben, Rechnen), aber auch Auff\u00e4lligkeiten im Sozialverhalten, in der Interaktion und Kommunikation sowie k\u00f6rperlichen und geistige Behinderungen.<\/p>\n<p>Beschreibung der T\u00e4tigkeit der Ergotherapeutin:<\/p>\n<p>Die Schule ist ein St\u00fcck Lebenswelt, in der wir die Kinder in vielen Bereichen erleben, begleiten und dadurch individuell f\u00f6rdern k\u00f6nnen. Die Sch\u00fclerinnen und Sch\u00fcller entwickeln wichtige Lebenskompetenzen, sie werden selbstst\u00e4ndiger und unabh\u00e4ngiger. Allerdings stehen einige von ihnen vor einer Herausforderung und nicht alles gelingt auf Anhieb. Ich arbeite als Ergotherapeutin ressourcenorientiert und im Positiven. Jedem Kind begegne ich mit seiner Individualit\u00e4t, seinen F\u00e4higkeiten und Fertigkeiten. In der Therapie wird jeder noch so kleine Fortschritt gelobt, um eine gute Mitarbeit zu erzielen. Nicht ganz unerheblich ist der Spa\u00df, denn nur mit Spa\u00df kann Verhalten dauerhaft erlernt werden.<\/p>\n<p>Im Fokus steht eine ganzheitliche Entwicklungsf\u00f6rderung. Alle Wahrnehmungsreize f\u00fchren zu Reaktionen in motorischen, emotionalen und sozialen Bereichen. Je nach Erscheinungsbild des Kindes k\u00f6nnen verschiedene ergotherapeutische Konzepte zu Einsatz kommen.<\/p>\n<p>Einige Kinder kommen mit Wahrnehmungsst\u00f6rungen zu mir in die Therapie. Hier biete ich verschiedene Materialien an, um alle Sinne ansprechen zu k\u00f6nnen und den Erfahrungsschatz zu erweitern. Die Verbindung der gesamten Sinneseindr\u00fccke \u00fcber Haut, Muskeln, Vestibularorgan, Nase, Ohren, Augen und die H\u00e4nde ist die Grundvoraussetzung f\u00fcr Bewegung, Sprache, angepasste Interaktion und Lernen. Andere haben Schwierigkeiten sich zu konzentrieren, bei ihnen wende ich h\u00e4ufig das <em>Marburger Konzentrationstraining<\/em> an. Die Lernstrategie umfasst das Verbalisieren und Kontrollieren der eigenen Handlungsschritte. Alle Spiel-, Lern- und Entspannungsphasen sind altersentsprechend aufgebaut. Hierbei wird zudem das Einhalten von klaren Regeln ge\u00fcbt, wie z.B. genaues Zuh\u00f6ren, Abwarten und Mitmachen. W\u00e4hrend der Lernphase wird mit dem Kind das \u201eLaute Denken\u201c erlernt. Die Abfolge der \u00dcbung sprechen die Kinder laut vor, damit sie sich besser strukturieren k\u00f6nnen. So k\u00f6nnen Verbesserung der Aufmerksamkeit, Handlungsplanung, Ausdauer und Selbststrukturierung erzielt werden.<\/p>\n<p>Die Zusammenarbeit mit Lehrpersonen und anderen Therapeuten erfolgt haupts\u00e4chlich durch Teamgespr\u00e4che. Als wichtige Beteiligte im Behandlungsprozess werden die Eltern gesehen. Ideen und Anregungen k\u00f6nnen und d\u00fcrfen gerne auch zu Hause im Alltag integriert werden. Die Sch\u00fclerinnen und Sch\u00fcler gewinnen so ganz spielerisch und ohne gr\u00f6\u00dfere Anstrengung weitere Lernerfolge.<\/p>\n\n\n<figure class=\"wp-block-gallery has-nested-images columns-default is-cropped wp-block-gallery-1 is-layout-flex wp-block-gallery-is-layout-flex\">\n<figure class=\"wp-block-image size-large\"><img loading=\"lazy\" decoding=\"async\" width=\"336\" height=\"377\" data-id=\"12600\" src=\"https:\/\/www.xn--mks-lningen-vfb.de\/wp-content\/uploads\/2020\/05\/1.jpg\" alt=\"\" class=\"wp-image-12600\" srcset=\"https:\/\/www.xn--mks-lningen-vfb.de\/wp-content\/uploads\/2020\/05\/1.jpg 336w, https:\/\/www.xn--mks-lningen-vfb.de\/wp-content\/uploads\/2020\/05\/1-267x300.jpg 267w\" sizes=\"auto, (max-width: 336px) 100vw, 336px\" \/><\/figure>\n\n\n\n<figure class=\"wp-block-image size-large\"><img loading=\"lazy\" decoding=\"async\" width=\"448\" height=\"250\" data-id=\"12601\" src=\"https:\/\/www.xn--mks-lningen-vfb.de\/wp-content\/uploads\/2020\/05\/2.jpg\" alt=\"\" class=\"wp-image-12601\" srcset=\"https:\/\/www.xn--mks-lningen-vfb.de\/wp-content\/uploads\/2020\/05\/2.jpg 448w, https:\/\/www.xn--mks-lningen-vfb.de\/wp-content\/uploads\/2020\/05\/2-300x167.jpg 300w\" sizes=\"auto, (max-width: 448px) 100vw, 448px\" \/><\/figure>\n\n\n\n<figure class=\"wp-block-image size-large\"><img loading=\"lazy\" decoding=\"async\" width=\"448\" height=\"336\" data-id=\"12602\" src=\"https:\/\/www.xn--mks-lningen-vfb.de\/wp-content\/uploads\/2020\/05\/3.jpg\" alt=\"\" class=\"wp-image-12602\" srcset=\"https:\/\/www.xn--mks-lningen-vfb.de\/wp-content\/uploads\/2020\/05\/3.jpg 448w, https:\/\/www.xn--mks-lningen-vfb.de\/wp-content\/uploads\/2020\/05\/3-300x225.jpg 300w, https:\/\/www.xn--mks-lningen-vfb.de\/wp-content\/uploads\/2020\/05\/3-400x300.jpg 400w\" sizes=\"auto, (max-width: 448px) 100vw, 448px\" \/><\/figure>\n\n\n\n<figure class=\"wp-block-image size-large\"><img loading=\"lazy\" decoding=\"async\" width=\"448\" height=\"336\" data-id=\"12603\" src=\"https:\/\/www.xn--mks-lningen-vfb.de\/wp-content\/uploads\/2020\/05\/4.jpg\" alt=\"\" class=\"wp-image-12603\" srcset=\"https:\/\/www.xn--mks-lningen-vfb.de\/wp-content\/uploads\/2020\/05\/4.jpg 448w, https:\/\/www.xn--mks-lningen-vfb.de\/wp-content\/uploads\/2020\/05\/4-300x225.jpg 300w, https:\/\/www.xn--mks-lningen-vfb.de\/wp-content\/uploads\/2020\/05\/4-400x300.jpg 400w\" sizes=\"auto, (max-width: 448px) 100vw, 448px\" \/><\/figure>\n\n\n\n<figure class=\"wp-block-image size-large\"><img loading=\"lazy\" decoding=\"async\" width=\"448\" height=\"336\" data-id=\"12604\" src=\"https:\/\/www.xn--mks-lningen-vfb.de\/wp-content\/uploads\/2020\/05\/5.jpg\" alt=\"\" class=\"wp-image-12604\" srcset=\"https:\/\/www.xn--mks-lningen-vfb.de\/wp-content\/uploads\/2020\/05\/5.jpg 448w, https:\/\/www.xn--mks-lningen-vfb.de\/wp-content\/uploads\/2020\/05\/5-300x225.jpg 300w, https:\/\/www.xn--mks-lningen-vfb.de\/wp-content\/uploads\/2020\/05\/5-400x300.jpg 400w\" sizes=\"auto, (max-width: 448px) 100vw, 448px\" \/><\/figure>\n\n\n\n<figure class=\"wp-block-image size-large\"><img loading=\"lazy\" decoding=\"async\" width=\"448\" height=\"336\" data-id=\"12605\" src=\"https:\/\/www.xn--mks-lningen-vfb.de\/wp-content\/uploads\/2020\/05\/6.jpg\" alt=\"\" class=\"wp-image-12605\" srcset=\"https:\/\/www.xn--mks-lningen-vfb.de\/wp-content\/uploads\/2020\/05\/6.jpg 448w, https:\/\/www.xn--mks-lningen-vfb.de\/wp-content\/uploads\/2020\/05\/6-300x225.jpg 300w, https:\/\/www.xn--mks-lningen-vfb.de\/wp-content\/uploads\/2020\/05\/6-400x300.jpg 400w\" sizes=\"auto, (max-width: 448px) 100vw, 448px\" \/><\/figure>\n\n\n\n<figure class=\"wp-block-image size-large\"><img loading=\"lazy\" decoding=\"async\" width=\"448\" height=\"327\" data-id=\"12606\" src=\"https:\/\/www.xn--mks-lningen-vfb.de\/wp-content\/uploads\/2020\/05\/7.jpg\" alt=\"\" class=\"wp-image-12606\" srcset=\"https:\/\/www.xn--mks-lningen-vfb.de\/wp-content\/uploads\/2020\/05\/7.jpg 448w, https:\/\/www.xn--mks-lningen-vfb.de\/wp-content\/uploads\/2020\/05\/7-300x219.jpg 300w, https:\/\/www.xn--mks-lningen-vfb.de\/wp-content\/uploads\/2020\/05\/7-411x300.jpg 411w\" sizes=\"auto, (max-width: 448px) 100vw, 448px\" \/><\/figure>\n\n\n\n<figure class=\"wp-block-image size-large\"><img loading=\"lazy\" decoding=\"async\" width=\"336\" height=\"448\" data-id=\"12607\" src=\"https:\/\/www.xn--mks-lningen-vfb.de\/wp-content\/uploads\/2020\/05\/8.jpg\" alt=\"\" class=\"wp-image-12607\" srcset=\"https:\/\/www.xn--mks-lningen-vfb.de\/wp-content\/uploads\/2020\/05\/8.jpg 336w, https:\/\/www.xn--mks-lningen-vfb.de\/wp-content\/uploads\/2020\/05\/8-225x300.jpg 225w\" sizes=\"auto, (max-width: 336px) 100vw, 336px\" \/><\/figure>\n\n\n\n<figure class=\"wp-block-image size-large\"><img loading=\"lazy\" decoding=\"async\" width=\"441\" height=\"336\" data-id=\"12608\" src=\"https:\/\/www.xn--mks-lningen-vfb.de\/wp-content\/uploads\/2020\/05\/9.jpg\" alt=\"\" class=\"wp-image-12608\" srcset=\"https:\/\/www.xn--mks-lningen-vfb.de\/wp-content\/uploads\/2020\/05\/9.jpg 441w, https:\/\/www.xn--mks-lningen-vfb.de\/wp-content\/uploads\/2020\/05\/9-300x229.jpg 300w, https:\/\/www.xn--mks-lningen-vfb.de\/wp-content\/uploads\/2020\/05\/9-394x300.jpg 394w\" sizes=\"auto, (max-width: 441px) 100vw, 441px\" \/><\/figure>\n\n\n\n<figure class=\"wp-block-image size-large\"><img loading=\"lazy\" decoding=\"async\" width=\"252\" height=\"448\" data-id=\"12609\" src=\"https:\/\/www.xn--mks-lningen-vfb.de\/wp-content\/uploads\/2020\/05\/10.jpg\" alt=\"\" class=\"wp-image-12609\" srcset=\"https:\/\/www.xn--mks-lningen-vfb.de\/wp-content\/uploads\/2020\/05\/10.jpg 252w, https:\/\/www.xn--mks-lningen-vfb.de\/wp-content\/uploads\/2020\/05\/10-169x300.jpg 169w\" sizes=\"auto, (max-width: 252px) 100vw, 252px\" \/><\/figure>\n\n\n\n<figure class=\"wp-block-image size-large\"><img loading=\"lazy\" decoding=\"async\" width=\"252\" height=\"448\" data-id=\"12610\" src=\"https:\/\/www.xn--mks-lningen-vfb.de\/wp-content\/uploads\/2020\/05\/11.jpg\" alt=\"\" class=\"wp-image-12610\" srcset=\"https:\/\/www.xn--mks-lningen-vfb.de\/wp-content\/uploads\/2020\/05\/11.jpg 252w, https:\/\/www.xn--mks-lningen-vfb.de\/wp-content\/uploads\/2020\/05\/11-169x300.jpg 169w\" sizes=\"auto, (max-width: 252px) 100vw, 252px\" \/><\/figure>\n\n\n\n<figure class=\"wp-block-image size-large\"><img loading=\"lazy\" decoding=\"async\" width=\"252\" height=\"448\" data-id=\"12611\" src=\"https:\/\/www.xn--mks-lningen-vfb.de\/wp-content\/uploads\/2020\/05\/13.jpg\" alt=\"\" class=\"wp-image-12611\" srcset=\"https:\/\/www.xn--mks-lningen-vfb.de\/wp-content\/uploads\/2020\/05\/13.jpg 252w, https:\/\/www.xn--mks-lningen-vfb.de\/wp-content\/uploads\/2020\/05\/13-169x300.jpg 169w\" sizes=\"auto, (max-width: 252px) 100vw, 252px\" \/><\/figure>\n\n\n\n<figure class=\"wp-block-image size-large\"><img loading=\"lazy\" decoding=\"async\" width=\"252\" height=\"448\" data-id=\"12612\" src=\"https:\/\/www.xn--mks-lningen-vfb.de\/wp-content\/uploads\/2020\/05\/15.jpg\" alt=\"\" class=\"wp-image-12612\" srcset=\"https:\/\/www.xn--mks-lningen-vfb.de\/wp-content\/uploads\/2020\/05\/15.jpg 252w, https:\/\/www.xn--mks-lningen-vfb.de\/wp-content\/uploads\/2020\/05\/15-169x300.jpg 169w\" sizes=\"auto, (max-width: 252px) 100vw, 252px\" \/><\/figure>\n<figcaption class=\"blocks-gallery-caption wp-element-caption\">Sch\u00fclerinnen und Sch\u00fcler bei der Ergotherapie <\/figcaption><\/figure>\n","protected":false},"excerpt":{"rendered":"<p>In unserer Schule steht f\u00fcr den gesamten Schulalltag eine ausgebildete Ergotherapeutin zur Verf\u00fcgung, die sich mit den Kindern in Einzel- und auch Gruppentherapie besch\u00e4ftigt. Ihr Name ist Carolin Schmees. Ergotherapie soll unseren Kindern helfen, eine gr\u00f6\u00dftm\u00f6gliche Handlungsf\u00e4higkeit und damit Selbst\u00e4ndigkeit &hellip; <a href=\"https:\/\/www.xn--mks-lningen-vfb.de\/?page_id=576\">Weiterlesen <span class=\"meta-nav\">&rarr;<\/span><\/a><\/p>\n","protected":false},"author":2,"featured_media":0,"parent":45,"menu_order":3,"comment_status":"closed","ping_status":"open","template":"","meta":{"footnotes":"","_links_to":"","_links_to_target":""},"class_list":["post-576","page","type-page","status-publish","hentry"],"_links":{"self":[{"href":"https:\/\/www.xn--mks-lningen-vfb.de\/index.php?rest_route=\/wp\/v2\/pages\/576","targetHints":{"allow":["GET"]}}],"collection":[{"href":"https:\/\/www.xn--mks-lningen-vfb.de\/index.php?rest_route=\/wp\/v2\/pages"}],"about":[{"href":"https:\/\/www.xn--mks-lningen-vfb.de\/index.php?rest_route=\/wp\/v2\/types\/page"}],"author":[{"embeddable":true,"href":"https:\/\/www.xn--mks-lningen-vfb.de\/index.php?rest_route=\/wp\/v2\/users\/2"}],"replies":[{"embeddable":true,"href":"https:\/\/www.xn--mks-lningen-vfb.de\/index.php?rest_route=%2Fwp%2Fv2%2Fcomments&post=576"}],"version-history":[{"count":7,"href":"https:\/\/www.xn--mks-lningen-vfb.de\/index.php?rest_route=\/wp\/v2\/pages\/576\/revisions"}],"predecessor-version":[{"id":14548,"href":"https:\/\/www.xn--mks-lningen-vfb.de\/index.php?rest_route=\/wp\/v2\/pages\/576\/revisions\/14548"}],"up":[{"embeddable":true,"href":"https:\/\/www.xn--mks-lningen-vfb.de\/index.php?rest_route=\/wp\/v2\/pages\/45"}],"wp:attachment":[{"href":"https:\/\/www.xn--mks-lningen-vfb.de\/index.php?rest_route=%2Fwp%2Fv2%2Fmedia&parent=576"}],"curies":[{"name":"wp","href":"https:\/\/api.w.org\/{rel}","templated":true}]}}