{"id":572,"date":"2014-01-21T18:50:11","date_gmt":"2014-01-21T17:50:11","guid":{"rendered":"http:\/\/www.xn--mks-lningen-vfb.de\/?page_id=572"},"modified":"2023-01-23T08:43:08","modified_gmt":"2023-01-23T07:43:08","slug":"logopaedie","status":"publish","type":"page","link":"https:\/\/www.xn--mks-lningen-vfb.de\/?page_id=572","title":{"rendered":"Logop\u00e4die &#8211; Fachtherapie Autismus"},"content":{"rendered":"<p style=\"text-align: justify;\">\u00dcber den therapieimmanenten Unterricht hinaus gibt es an unserer Schule zwei fest angestellte Logop\u00e4dinnen, die in Einzel- oder auch Gruppentherapie mit unseren Sch\u00fclerinnen und Sch\u00fclern intensiv arbeitet. Ihre Namen lauten Luisa Struck und Teresa Sanders. Die Kinder ben\u00f6tigen hierf\u00fcr keine \u00e4rztliche Bescheinigung. Frau Struck ist zudem Fachtherapeutin Kindersprache: Schwerpunkt Autsimus.<\/p>\n<p style=\"text-align: justify;\"><a href=\"http:\/\/www.xn--mks-lningen-vfb.de\/wp-content\/uploads\/2018\/03\/Logo.jpg\" rel=\"lightbox[572]\"><img loading=\"lazy\" decoding=\"async\" class=\"aligncenter wp-image-10992 size-medium\" src=\"http:\/\/www.xn--mks-lningen-vfb.de\/wp-content\/uploads\/2018\/03\/Logo-293x300.jpg\" alt=\"\" width=\"293\" height=\"300\" data-id=\"10992\" srcset=\"https:\/\/www.xn--mks-lningen-vfb.de\/wp-content\/uploads\/2018\/03\/Logo-293x300.jpg 293w, https:\/\/www.xn--mks-lningen-vfb.de\/wp-content\/uploads\/2018\/03\/Logo.jpg 336w\" sizes=\"auto, (max-width: 293px) 100vw, 293px\" \/><\/a><em>Frau Struck erl\u00e4utert ihre therapeutischen Grunds\u00e4tze wie folgt: <\/em><\/p>\n<p><em>Kommunikation bestimmt unser Leben- Kommunikation bedeutet Austausch und Teilhabe.<\/em> Jede Kommunikation findet in Interaktion statt, d.h. mindestens zwei Gespr\u00e4chspartner tauschen sich verbal (Sprach-\/ Geb\u00e4rdenzeichen) und non-verbal (Gestik\/ Mimik) aus.<\/p>\n<p>Das Leitbild unserer Schule spiegelt sich auch in der Vorgehensweise bei den Therapien wider und soll die Sch\u00fclerinnen und Sch\u00fcler dabei unterst\u00fctzen, mit anderen zu kommunizieren.<\/p>\n<p>Um dieses zu erreichen, werden die Sch\u00fclerinnen und Sch\u00fcler in Einzel- und Gruppentherapie mit unterschiedlichen Sprach-, Sprech-, Stimm-, H\u00f6r- und Redeflussst\u00f6rungen behandelt. Eine entsprechende individuelle F\u00f6rderung bekommen auch die Kinder mit Ess- und Schluckst\u00f6rungen. In einer ausf\u00fchrlichen logop\u00e4dischen Diagnostik wird der individuelle Stand der Sprachentwicklung ermittelt. Die Therapie wird auf der Grundlage einer ganzheitlichen Sichtweise des Kindes aufgebaut. Neben der Arbeit mit dem Kind geh\u00f6rt zur Therapie ebenso die Beratung und Anleitung der Eltern und Bezugspersonen.<\/p>\n<p>Um einen Transfer in den Alltag zu erm\u00f6glichen, werden die erarbeiteten Therapieinhalte zudem in das Unterrichtsgeschehen eingebettet. Die Erfassung der individuellen Therapieziele findet in enger Zusammenarbeit mit den Klassenteams sowie in der interdisziplin\u00e4ren Arbeit mit anderen Therapeuten statt. F\u00fcr jedes Kind entsteht so ein ganzheitlicher Therapieansatz.<\/p>\n<p style=\"text-align: justify;\">\u00a0<\/p>\n\n\n<figure class=\"wp-block-image size-large\"><a href=\"https:\/\/www.xn--mks-lningen-vfb.de\/wp-content\/uploads\/2022\/03\/Zertifikat-Autismustherapeut-scaled.jpg\" rel=\"lightbox[572]\"><img loading=\"lazy\" decoding=\"async\" width=\"709\" height=\"1024\" src=\"https:\/\/www.xn--mks-lningen-vfb.de\/wp-content\/uploads\/2022\/03\/Zertifikat-Autismustherapeut-709x1024.jpg\" alt=\"\" class=\"wp-image-13962\" srcset=\"https:\/\/www.xn--mks-lningen-vfb.de\/wp-content\/uploads\/2022\/03\/Zertifikat-Autismustherapeut-709x1024.jpg 709w, https:\/\/www.xn--mks-lningen-vfb.de\/wp-content\/uploads\/2022\/03\/Zertifikat-Autismustherapeut-208x300.jpg 208w, https:\/\/www.xn--mks-lningen-vfb.de\/wp-content\/uploads\/2022\/03\/Zertifikat-Autismustherapeut-768x1110.jpg 768w, https:\/\/www.xn--mks-lningen-vfb.de\/wp-content\/uploads\/2022\/03\/Zertifikat-Autismustherapeut-1063x1536.jpg 1063w, https:\/\/www.xn--mks-lningen-vfb.de\/wp-content\/uploads\/2022\/03\/Zertifikat-Autismustherapeut-1417x2048.jpg 1417w, https:\/\/www.xn--mks-lningen-vfb.de\/wp-content\/uploads\/2022\/03\/Zertifikat-Autismustherapeut-scaled.jpg 1772w\" sizes=\"auto, (max-width: 709px) 100vw, 709px\" \/><\/a><figcaption class=\"wp-element-caption\">mde<\/figcaption><\/figure>\n","protected":false},"excerpt":{"rendered":"<p>\u00dcber den therapieimmanenten Unterricht hinaus gibt es an unserer Schule zwei fest angestellte Logop\u00e4dinnen, die in Einzel- oder auch Gruppentherapie mit unseren Sch\u00fclerinnen und Sch\u00fclern intensiv arbeitet. Ihre Namen lauten Luisa Struck und Teresa Sanders. Die Kinder ben\u00f6tigen hierf\u00fcr keine &hellip; <a href=\"https:\/\/www.xn--mks-lningen-vfb.de\/?page_id=572\">Weiterlesen <span class=\"meta-nav\">&rarr;<\/span><\/a><\/p>\n","protected":false},"author":2,"featured_media":0,"parent":0,"menu_order":0,"comment_status":"closed","ping_status":"open","template":"","meta":{"footnotes":"","_links_to":"","_links_to_target":""},"class_list":["post-572","page","type-page","status-publish","hentry"],"_links":{"self":[{"href":"https:\/\/www.xn--mks-lningen-vfb.de\/index.php?rest_route=\/wp\/v2\/pages\/572","targetHints":{"allow":["GET"]}}],"collection":[{"href":"https:\/\/www.xn--mks-lningen-vfb.de\/index.php?rest_route=\/wp\/v2\/pages"}],"about":[{"href":"https:\/\/www.xn--mks-lningen-vfb.de\/index.php?rest_route=\/wp\/v2\/types\/page"}],"author":[{"embeddable":true,"href":"https:\/\/www.xn--mks-lningen-vfb.de\/index.php?rest_route=\/wp\/v2\/users\/2"}],"replies":[{"embeddable":true,"href":"https:\/\/www.xn--mks-lningen-vfb.de\/index.php?rest_route=%2Fwp%2Fv2%2Fcomments&post=572"}],"version-history":[{"count":12,"href":"https:\/\/www.xn--mks-lningen-vfb.de\/index.php?rest_route=\/wp\/v2\/pages\/572\/revisions"}],"predecessor-version":[{"id":14484,"href":"https:\/\/www.xn--mks-lningen-vfb.de\/index.php?rest_route=\/wp\/v2\/pages\/572\/revisions\/14484"}],"wp:attachment":[{"href":"https:\/\/www.xn--mks-lningen-vfb.de\/index.php?rest_route=%2Fwp%2Fv2%2Fmedia&parent=572"}],"curies":[{"name":"wp","href":"https:\/\/api.w.org\/{rel}","templated":true}]}}