{"id":553,"date":"2014-01-21T18:32:14","date_gmt":"2014-01-21T17:32:14","guid":{"rendered":"http:\/\/www.xn--mks-lningen-vfb.de\/?page_id=553"},"modified":"2023-03-10T12:47:35","modified_gmt":"2023-03-10T11:47:35","slug":"therapieangebote","status":"publish","type":"page","link":"https:\/\/www.xn--mks-lningen-vfb.de\/?page_id=553","title":{"rendered":"Therapieangebote"},"content":{"rendered":"<p><b>Um eine beste F\u00f6rderung zu gew\u00e4hrleisten, gibt es spezielle Therapieangebote in unserer Schule. Dazu geh\u00f6ren:<\/b><\/p>\n<ul>\n<li><span style=\"color: #800000;\"><a title=\"Ergotherapie\" href=\"http:\/\/www.xn--mks-lningen-vfb.de\/?page_id=576\"><span style=\"color: #800000;\">Ergotherapie<\/span><\/a><\/span><\/li>\n<li><a href=\"http:\/\/www.xn--mks-lningen-vfb.de\/?page_id=10638\"><span style=\"color: #993300;\">Physiotherapie<\/span><\/a><\/li>\n<li><span style=\"color: #800000;\"><a title=\"Therapeutisches Reiten\" href=\"http:\/\/www.xn--mks-lningen-vfb.de\/?page_id=558\"><span style=\"color: #800000;\">Therapeutisches Reiten<\/span><\/a><\/span><\/li>\n<li><a title=\"Logop\u00e4die\" href=\"http:\/\/www.xn--mks-lningen-vfb.de\/?page_id=572\"><span style=\"color: #993300;\">Logop\u00e4die<\/span><\/a><\/li>\n<li><span style=\"color: #800000;\"><a title=\"Sprachtherapie\/-f\u00f6rderung\" href=\"http:\/\/www.xn--mks-lningen-vfb.de\/?page_id=567\"><span style=\"color: #800000;\">Sprachtherapie (unterrichtsimmanent)<\/span><\/a><\/span><\/li>\n<li><span style=\"color: #800000;\"><a title=\"Unser neues B\u00e4llebad!\" href=\"http:\/\/www.xn--mks-lningen-vfb.de\/?p=526\"><span style=\"color: #800000;\">Psychomotorik<\/span><\/a><\/span><\/li>\n<li><a href=\"_wp_link_placeholder\" data-wplink-edit=\"true\"><span style=\"color: #993300;\">Autismustherapie<\/span><\/a><\/li>\n<\/ul>\n","protected":false},"excerpt":{"rendered":"<p>Um eine beste F\u00f6rderung zu gew\u00e4hrleisten, gibt es spezielle Therapieangebote in unserer Schule. Dazu geh\u00f6ren: Ergotherapie Physiotherapie Therapeutisches Reiten Logop\u00e4die Sprachtherapie (unterrichtsimmanent) Psychomotorik Autismustherapie<\/p>\n","protected":false},"author":2,"featured_media":0,"parent":0,"menu_order":0,"comment_status":"closed","ping_status":"open","template":"","meta":{"footnotes":"","_links_to":"","_links_to_target":""},"class_list":["post-553","page","type-page","status-publish","hentry"],"_links":{"self":[{"href":"https:\/\/www.xn--mks-lningen-vfb.de\/index.php?rest_route=\/wp\/v2\/pages\/553","targetHints":{"allow":["GET"]}}],"collection":[{"href":"https:\/\/www.xn--mks-lningen-vfb.de\/index.php?rest_route=\/wp\/v2\/pages"}],"about":[{"href":"https:\/\/www.xn--mks-lningen-vfb.de\/index.php?rest_route=\/wp\/v2\/types\/page"}],"author":[{"embeddable":true,"href":"https:\/\/www.xn--mks-lningen-vfb.de\/index.php?rest_route=\/wp\/v2\/users\/2"}],"replies":[{"embeddable":true,"href":"https:\/\/www.xn--mks-lningen-vfb.de\/index.php?rest_route=%2Fwp%2Fv2%2Fcomments&post=553"}],"version-history":[{"count":9,"href":"https:\/\/www.xn--mks-lningen-vfb.de\/index.php?rest_route=\/wp\/v2\/pages\/553\/revisions"}],"predecessor-version":[{"id":14659,"href":"https:\/\/www.xn--mks-lningen-vfb.de\/index.php?rest_route=\/wp\/v2\/pages\/553\/revisions\/14659"}],"wp:attachment":[{"href":"https:\/\/www.xn--mks-lningen-vfb.de\/index.php?rest_route=%2Fwp%2Fv2%2Fmedia&parent=553"}],"curies":[{"name":"wp","href":"https:\/\/api.w.org\/{rel}","templated":true}]}}