{"id":53,"date":"2012-03-14T08:25:25","date_gmt":"2012-03-14T08:25:25","guid":{"rendered":"http:\/\/mkruse.medienzentrum-clp.de\/loeningen\/?page_id=53"},"modified":"2020-08-27T09:54:38","modified_gmt":"2020-08-27T08:54:38","slug":"schulprogramm","status":"publish","type":"page","link":"https:\/\/www.xn--mks-lningen-vfb.de\/?page_id=53","title":{"rendered":"Schulprofil"},"content":{"rendered":"<p><strong><span style=\"color: #888888;\">Auszug aus unserem Schulprofil:<\/span><\/strong><\/p>\n<p><span style=\"text-decoration: underline;\">Das Unterrichtskonzept der Maximilian-Kolbe-Schule in groben Z\u00fcgen<\/span><\/p>\n<p style=\"text-align: justify;\">In der Maximilian-Kolbe-Schule wird der Bildungs- und Erziehungsauftrag, wie er sich aus dem Nieders\u00e4chsischen Schulgesetz f\u00fcr alle allgemeinbildenden Schulen ergibt, sehr ernst genommen. Dies spiegelt sich in dem intensiven Bem\u00fchen wider, den Sch\u00fclerinnen und Sch\u00fclern wesentliche Kulturtechniken (Lesen, Schreiben, Rechnen) sowie umfangreiches Weltwissen und ein individuell h\u00f6chstm\u00f6glichtes Ma\u00df an Selbst\u00e4dnigkeit zu vermitteln. Dazu ist ein konstruktives Arbeitsklima grundlegende Voraussetzung. Die Erf\u00fcllung des Erziehungsauftrags der Schule bedeutet an dieser Stelle f\u00fcr unsere Schule nicht selten eine kompensatorische Leistung. Verursachende Faktoren f\u00fcr die Beeintr\u00e4chtigung der schulischen Leistungen k\u00f6nnen vielf\u00e4ltige Hintergr\u00fcnde aufweisen. Aufmerksamkeitsst\u00f6rungen, Wahrnehmungsdefizite, Verhaltensdispositionen, Teilleistungsst\u00f6rungen sind nur wenige Schlagworte. Dar\u00fcber hinaus wirken sich teilweise organische oder psychische Handicaps auf die Lernbereitschaft und Lernf\u00e4higkeit aus. Um dieser Vielfalt an unterschiedlichsten Lernvoraussetzungen gerecht werden zu k\u00f6nnen, versucht das Kollegium der Maximilian-Kolbe-Schule im Unterricht konstruktiv zu reagieren, wobei sich die Schwerpunkte im Verlauf der Schulzeit ver\u00e4ndern, bis hin zu intensiven Ma\u00dfnahmen zur Berufsvorbereitung.<\/p>\n","protected":false},"excerpt":{"rendered":"<p>Auszug aus unserem Schulprofil: Das Unterrichtskonzept der Maximilian-Kolbe-Schule in groben Z\u00fcgen In der Maximilian-Kolbe-Schule wird der Bildungs- und Erziehungsauftrag, wie er sich aus dem Nieders\u00e4chsischen Schulgesetz f\u00fcr alle allgemeinbildenden Schulen ergibt, sehr ernst genommen. Dies spiegelt sich in dem intensiven &hellip; <a href=\"https:\/\/www.xn--mks-lningen-vfb.de\/?page_id=53\">Weiterlesen <span class=\"meta-nav\">&rarr;<\/span><\/a><\/p>\n","protected":false},"author":2,"featured_media":0,"parent":9,"menu_order":0,"comment_status":"closed","ping_status":"open","template":"","meta":{"footnotes":"","_links_to":"","_links_to_target":""},"class_list":["post-53","page","type-page","status-publish","hentry"],"_links":{"self":[{"href":"https:\/\/www.xn--mks-lningen-vfb.de\/index.php?rest_route=\/wp\/v2\/pages\/53","targetHints":{"allow":["GET"]}}],"collection":[{"href":"https:\/\/www.xn--mks-lningen-vfb.de\/index.php?rest_route=\/wp\/v2\/pages"}],"about":[{"href":"https:\/\/www.xn--mks-lningen-vfb.de\/index.php?rest_route=\/wp\/v2\/types\/page"}],"author":[{"embeddable":true,"href":"https:\/\/www.xn--mks-lningen-vfb.de\/index.php?rest_route=\/wp\/v2\/users\/2"}],"replies":[{"embeddable":true,"href":"https:\/\/www.xn--mks-lningen-vfb.de\/index.php?rest_route=%2Fwp%2Fv2%2Fcomments&post=53"}],"version-history":[{"count":4,"href":"https:\/\/www.xn--mks-lningen-vfb.de\/index.php?rest_route=\/wp\/v2\/pages\/53\/revisions"}],"predecessor-version":[{"id":12706,"href":"https:\/\/www.xn--mks-lningen-vfb.de\/index.php?rest_route=\/wp\/v2\/pages\/53\/revisions\/12706"}],"up":[{"embeddable":true,"href":"https:\/\/www.xn--mks-lningen-vfb.de\/index.php?rest_route=\/wp\/v2\/pages\/9"}],"wp:attachment":[{"href":"https:\/\/www.xn--mks-lningen-vfb.de\/index.php?rest_route=%2Fwp%2Fv2%2Fmedia&parent=53"}],"curies":[{"name":"wp","href":"https:\/\/api.w.org\/{rel}","templated":true}]}}