{"id":517,"date":"2014-01-17T19:14:16","date_gmt":"2014-01-17T18:14:16","guid":{"rendered":"http:\/\/www.xn--mks-lningen-vfb.de\/?page_id=517"},"modified":"2014-09-18T19:07:22","modified_gmt":"2014-09-18T18:07:22","slug":"lage","status":"publish","type":"page","link":"https:\/\/www.xn--mks-lningen-vfb.de\/?page_id=517","title":{"rendered":"Lage"},"content":{"rendered":"<p><span style=\"text-decoration: underline;\">Wo liegt L\u00f6ningen?<\/span><\/p>\n<p style=\"text-align: justify;\">Der staatlich anerkannte Erholungsort L\u00f6ningen, gelegen an der E 233 \/ B 213 Nordhorn &#8211; Delmenhorst (Bremen), ist eine Stadt im Oldenburger M\u00fcnsterland im Dreieck zwischen Oldenburg (Oldb.), Osnabr\u00fcck und der holl\u00e4ndischen Grenze, genauer im s\u00fcdwestlichen Landkreis Cloppenburg. L\u00f6ningen befindet sich im Erholungsgebiet Hasetal, benannt nach dem Fluss Hase, der in der N\u00e4he von Osnabr\u00fcck entspringt und in Meppen in die Ems m\u00fcndet. Sehenswert ist die katholische St. Vitus-Kirche. Das Wahrzeichen L\u00f6ningens gilt als die gr\u00f6\u00dfte pfeilerlose Saalkirche Deutschlands.<\/p>\n<p style=\"text-align: justify;\"><span style=\"text-decoration: underline;\">Schulen<\/span><\/p>\n<p style=\"text-align: justify;\">In L\u00f6ningen finden sich neben der Maximilian-Kolbe-Schule mehrere Grundschulen, die Gutenbergschule (Hauptschule), die St.-Ludgeri-Realschule sowie das Copernicus-Gymnasium; die drei zuletzt genannten Schulen sind im Schulzentrum in der N\u00e4he der gro\u00dfen Turnhalle an der Ringstra\u00dfe. Die Maximiliam-Kolbe-Schule sowie eine Berufsschule (Au\u00dfenstelle der Berufsbildenden Schulen am Museumsdorf Cloppenburg) sind am Ortsausgang von L\u00f6ningen in Richtung Bunnen\/Essen angesiedelt.<\/p>\n<p>&nbsp;<\/p>\n<p>&nbsp;<\/p>\n","protected":false},"excerpt":{"rendered":"<p>Wo liegt L\u00f6ningen? Der staatlich anerkannte Erholungsort L\u00f6ningen, gelegen an der E 233 \/ B 213 Nordhorn &#8211; Delmenhorst (Bremen), ist eine Stadt im Oldenburger M\u00fcnsterland im Dreieck zwischen Oldenburg (Oldb.), Osnabr\u00fcck und der holl\u00e4ndischen Grenze, genauer im s\u00fcdwestlichen Landkreis &hellip; <a href=\"https:\/\/www.xn--mks-lningen-vfb.de\/?page_id=517\">Weiterlesen <span class=\"meta-nav\">&rarr;<\/span><\/a><\/p>\n","protected":false},"author":2,"featured_media":0,"parent":0,"menu_order":0,"comment_status":"closed","ping_status":"open","template":"","meta":{"footnotes":"","_links_to":"","_links_to_target":""},"class_list":["post-517","page","type-page","status-publish","hentry"],"_links":{"self":[{"href":"https:\/\/www.xn--mks-lningen-vfb.de\/index.php?rest_route=\/wp\/v2\/pages\/517","targetHints":{"allow":["GET"]}}],"collection":[{"href":"https:\/\/www.xn--mks-lningen-vfb.de\/index.php?rest_route=\/wp\/v2\/pages"}],"about":[{"href":"https:\/\/www.xn--mks-lningen-vfb.de\/index.php?rest_route=\/wp\/v2\/types\/page"}],"author":[{"embeddable":true,"href":"https:\/\/www.xn--mks-lningen-vfb.de\/index.php?rest_route=\/wp\/v2\/users\/2"}],"replies":[{"embeddable":true,"href":"https:\/\/www.xn--mks-lningen-vfb.de\/index.php?rest_route=%2Fwp%2Fv2%2Fcomments&post=517"}],"version-history":[{"count":1,"href":"https:\/\/www.xn--mks-lningen-vfb.de\/index.php?rest_route=\/wp\/v2\/pages\/517\/revisions"}],"predecessor-version":[{"id":519,"href":"https:\/\/www.xn--mks-lningen-vfb.de\/index.php?rest_route=\/wp\/v2\/pages\/517\/revisions\/519"}],"wp:attachment":[{"href":"https:\/\/www.xn--mks-lningen-vfb.de\/index.php?rest_route=%2Fwp%2Fv2%2Fmedia&parent=517"}],"curies":[{"name":"wp","href":"https:\/\/api.w.org\/{rel}","templated":true}]}}