{"id":507,"date":"2014-01-17T19:03:04","date_gmt":"2014-01-17T18:03:04","guid":{"rendered":"http:\/\/www.xn--mks-lningen-vfb.de\/?page_id=507"},"modified":"2014-09-18T19:07:22","modified_gmt":"2014-09-18T18:07:22","slug":"wettkaempfe","status":"publish","type":"page","link":"https:\/\/www.xn--mks-lningen-vfb.de\/?page_id=507","title":{"rendered":"Wettk\u00e4mpfe"},"content":{"rendered":"<p style=\"text-align: justify;\">Im Laufe eines Schuljahres gibt es viele Wettk\u00e4mpfe. Dazu z\u00e4hlen nicht nur Wettk\u00e4mpfe, die intern ausgetragen werden, sondern auch solche im Bereich der F\u00f6rderschulen sowie Wettk\u00e4mpfe mit anderen Schulformen.<\/p>\n","protected":false},"excerpt":{"rendered":"<p>Im Laufe eines Schuljahres gibt es viele Wettk\u00e4mpfe. Dazu z\u00e4hlen nicht nur Wettk\u00e4mpfe, die intern ausgetragen werden, sondern auch solche im Bereich der F\u00f6rderschulen sowie Wettk\u00e4mpfe mit anderen Schulformen.<\/p>\n","protected":false},"author":2,"featured_media":0,"parent":0,"menu_order":0,"comment_status":"closed","ping_status":"open","template":"","meta":{"footnotes":"","_links_to":"","_links_to_target":""},"class_list":["post-507","page","type-page","status-publish","hentry"],"_links":{"self":[{"href":"https:\/\/www.xn--mks-lningen-vfb.de\/index.php?rest_route=\/wp\/v2\/pages\/507","targetHints":{"allow":["GET"]}}],"collection":[{"href":"https:\/\/www.xn--mks-lningen-vfb.de\/index.php?rest_route=\/wp\/v2\/pages"}],"about":[{"href":"https:\/\/www.xn--mks-lningen-vfb.de\/index.php?rest_route=\/wp\/v2\/types\/page"}],"author":[{"embeddable":true,"href":"https:\/\/www.xn--mks-lningen-vfb.de\/index.php?rest_route=\/wp\/v2\/users\/2"}],"replies":[{"embeddable":true,"href":"https:\/\/www.xn--mks-lningen-vfb.de\/index.php?rest_route=%2Fwp%2Fv2%2Fcomments&post=507"}],"version-history":[{"count":1,"href":"https:\/\/www.xn--mks-lningen-vfb.de\/index.php?rest_route=\/wp\/v2\/pages\/507\/revisions"}],"predecessor-version":[{"id":509,"href":"https:\/\/www.xn--mks-lningen-vfb.de\/index.php?rest_route=\/wp\/v2\/pages\/507\/revisions\/509"}],"wp:attachment":[{"href":"https:\/\/www.xn--mks-lningen-vfb.de\/index.php?rest_route=%2Fwp%2Fv2%2Fmedia&parent=507"}],"curies":[{"name":"wp","href":"https:\/\/api.w.org\/{rel}","templated":true}]}}