{"id":5,"date":"2012-03-14T08:07:55","date_gmt":"2012-03-14T08:07:55","guid":{"rendered":"http:\/\/mkruse.medienzentrum-clp.de\/loeningen\/?page_id=5"},"modified":"2016-08-17T17:34:01","modified_gmt":"2016-08-17T16:34:01","slug":"home","status":"publish","type":"page","link":"https:\/\/www.xn--mks-lningen-vfb.de\/?page_id=5","title":{"rendered":"Home"},"content":{"rendered":"<p style=\"text-align: justify;\"><strong><span style=\"color: #993300;\">Herzlich willkommen! <\/span><\/strong><span style=\"color: #808080;\"><strong>Sie suchen nach einer geeigneten Schule f\u00fcr Ihr Kind und wollen dabei sicher sein, dass es ein intensives und t\u00e4gliches Lernen und Training in den Kulturtechniken (Lesen, Schreiben, Mathematik) erf\u00e4hrt, sich rundum wohl f\u00fchlt sowie umfassend gef\u00f6rdert und betreut wird? <\/strong><\/span><span style=\"color: #808080;\"><strong>In der Maximilian-Kolbe-Schule sind Sie auf jeden Fall richtig! Schauen Sie sich ein wenig auf unserer Website um und lernen Sie die vielf\u00e4ltigen M\u00f6glichkeiten des Lernens in unserer Schule kennen. Viele Projekte und Aktivit\u00e4ten pr\u00e4gen unseren Schulalltag!<\/strong><\/span><\/p>\n<h2><span style=\"color: #808080;\">Bewegtes Lernen mit allen Sinnen macht Spa\u00df!<\/span><\/h2>\n<p><span style=\"color: #808080;\">\u00a0<a href=\"http:\/\/www.xn--mks-lningen-vfb.de\/wp-content\/uploads\/2014\/01\/Nikolausfeier-051.jpg\" rel=\"lightbox[5]\"><img loading=\"lazy\" decoding=\"async\" class=\"alignnone size-thumbnail wp-image-322\" src=\"http:\/\/www.xn--mks-lningen-vfb.de\/wp-content\/uploads\/2014\/01\/Nikolausfeier-051-150x150.jpg\" alt=\"Nikolausfeier 051\" width=\"150\" height=\"150\" data-id=\"322\" \/><\/a><a href=\"http:\/\/www.xn--mks-lningen-vfb.de\/wp-content\/uploads\/2012\/03\/RWE-11.jpg\" rel=\"lightbox[5]\"><img loading=\"lazy\" decoding=\"async\" class=\"alignnone size-thumbnail wp-image-361\" src=\"http:\/\/www.xn--mks-lningen-vfb.de\/wp-content\/uploads\/2012\/03\/RWE-11-150x150.jpg\" alt=\"RWE (11)\" width=\"150\" height=\"150\" data-id=\"361\" \/><\/a><a href=\"http:\/\/www.xn--mks-lningen-vfb.de\/wp-content\/uploads\/2012\/03\/24.10.13-Fahrradkontrolle-023.jpg\" rel=\"lightbox[5]\"><img loading=\"lazy\" decoding=\"async\" class=\"alignnone size-thumbnail wp-image-360\" src=\"http:\/\/www.xn--mks-lningen-vfb.de\/wp-content\/uploads\/2012\/03\/24.10.13-Fahrradkontrolle-023-150x150.jpg\" alt=\"24.10.13 Fahrradkontrolle 023\" width=\"150\" height=\"150\" data-id=\"360\" \/><\/a><a href=\"http:\/\/www.xn--mks-lningen-vfb.de\/wp-content\/uploads\/2012\/03\/CIMG7051.jpg\" rel=\"lightbox[5]\"><img loading=\"lazy\" decoding=\"async\" class=\"alignnone size-thumbnail wp-image-357\" src=\"http:\/\/www.xn--mks-lningen-vfb.de\/wp-content\/uploads\/2012\/03\/CIMG7051-150x150.jpg\" alt=\"CIMG7051\" width=\"150\" height=\"150\" data-id=\"357\" \/><\/a><a href=\"http:\/\/www.xn--mks-lningen-vfb.de\/wp-content\/uploads\/2012\/03\/CIMG7067.jpg\" rel=\"lightbox[5]\"><img loading=\"lazy\" decoding=\"async\" class=\"alignnone size-thumbnail wp-image-358\" src=\"http:\/\/www.xn--mks-lningen-vfb.de\/wp-content\/uploads\/2012\/03\/CIMG7067-150x150.jpg\" alt=\"CIMG7067\" width=\"150\" height=\"150\" data-id=\"358\" \/><\/a><a href=\"http:\/\/www.xn--mks-lningen-vfb.de\/wp-content\/uploads\/2012\/03\/Schule-in-Bewegung-76.jpg\" rel=\"lightbox[5]\"><img loading=\"lazy\" decoding=\"async\" class=\"alignnone size-thumbnail wp-image-356\" src=\"http:\/\/www.xn--mks-lningen-vfb.de\/wp-content\/uploads\/2012\/03\/Schule-in-Bewegung-76-150x150.jpg\" alt=\"Schule in Bewegung (76)\" width=\"150\" height=\"150\" data-id=\"356\" \/><\/a><a href=\"http:\/\/www.xn--mks-lningen-vfb.de\/wp-content\/uploads\/2012\/03\/Klasse-7-Zeughaus-Vechta-20.jpg\" rel=\"lightbox[5]\"><img loading=\"lazy\" decoding=\"async\" class=\"alignnone size-thumbnail wp-image-354\" src=\"http:\/\/www.xn--mks-lningen-vfb.de\/wp-content\/uploads\/2012\/03\/Klasse-7-Zeughaus-Vechta-20-150x150.jpg\" alt=\"Klasse 7 Zeughaus Vechta (20)\" width=\"150\" height=\"150\" data-id=\"354\" \/><\/a><a href=\"http:\/\/www.xn--mks-lningen-vfb.de\/wp-content\/uploads\/2014\/01\/Weihnachtsfeier-19.12.2013-041.jpg\" rel=\"lightbox[5]\"><img loading=\"lazy\" decoding=\"async\" class=\"alignnone size-thumbnail wp-image-302\" src=\"http:\/\/www.xn--mks-lningen-vfb.de\/wp-content\/uploads\/2014\/01\/Weihnachtsfeier-19.12.2013-041-150x150.jpg\" alt=\"Weihnachtsfeier 19.12.2013 041\" width=\"150\" height=\"150\" data-id=\"302\" \/><\/a><a href=\"http:\/\/www.xn--mks-lningen-vfb.de\/wp-content\/uploads\/2013\/12\/Gesund-im-Mund-8.jpg\" rel=\"lightbox[5]\"><img loading=\"lazy\" decoding=\"async\" class=\"alignnone size-thumbnail wp-image-223\" src=\"http:\/\/www.xn--mks-lningen-vfb.de\/wp-content\/uploads\/2013\/12\/Gesund-im-Mund-8-150x150.jpg\" alt=\"Gesund im Mund (8)\" width=\"150\" height=\"150\" data-id=\"223\" \/><\/a><a href=\"http:\/\/www.xn--mks-lningen-vfb.de\/wp-content\/uploads\/2013\/12\/Gesund-im-Mund-12.jpg\" rel=\"lightbox[5]\"><img loading=\"lazy\" decoding=\"async\" class=\"alignnone size-thumbnail wp-image-227\" src=\"http:\/\/www.xn--mks-lningen-vfb.de\/wp-content\/uploads\/2013\/12\/Gesund-im-Mund-12-150x150.jpg\" alt=\"Gesund im Mund (12)\" width=\"150\" height=\"150\" data-id=\"227\" \/><\/a><a href=\"http:\/\/www.xn--mks-lningen-vfb.de\/wp-content\/uploads\/2013\/12\/Zahn-Werkstatt-18.jpg\" rel=\"lightbox[5]\"><img loading=\"lazy\" decoding=\"async\" class=\"alignnone size-thumbnail wp-image-257\" src=\"http:\/\/www.xn--mks-lningen-vfb.de\/wp-content\/uploads\/2013\/12\/Zahn-Werkstatt-18-150x150.jpg\" alt=\"Zahn-Werkstatt (18)\" width=\"150\" height=\"150\" data-id=\"257\" \/><\/a><a href=\"http:\/\/www.xn--mks-lningen-vfb.de\/wp-content\/uploads\/2013\/12\/Zahn-Werkstatt-3.jpg\" rel=\"lightbox[5]\"><img loading=\"lazy\" decoding=\"async\" class=\"alignnone size-thumbnail wp-image-242\" src=\"http:\/\/www.xn--mks-lningen-vfb.de\/wp-content\/uploads\/2013\/12\/Zahn-Werkstatt-3-150x150.jpg\" alt=\"Zahn-Werkstatt (3)\" width=\"150\" height=\"150\" data-id=\"242\" \/><\/a><\/span><\/p>\n<p><span style=\"color: #808080;\"><strong><span style=\"color: #808080;\"><strong><a href=\"http:\/\/www.xn--mks-lningen-vfb.de\/wp-content\/uploads\/2014\/01\/MKS-Logo.jpg\" rel=\"lightbox[5]\">\u00a0<\/a><\/strong><\/span><\/strong><\/span><\/p>\n","protected":false},"excerpt":{"rendered":"<p>Herzlich willkommen! Sie suchen nach einer geeigneten Schule f\u00fcr Ihr Kind und wollen dabei sicher sein, dass es ein intensives und t\u00e4gliches Lernen und Training in den Kulturtechniken (Lesen, Schreiben, Mathematik) erf\u00e4hrt, sich rundum wohl f\u00fchlt sowie umfassend gef\u00f6rdert und &hellip; <a href=\"https:\/\/www.xn--mks-lningen-vfb.de\/?page_id=5\">Weiterlesen <span class=\"meta-nav\">&rarr;<\/span><\/a><\/p>\n","protected":false},"author":2,"featured_media":0,"parent":0,"menu_order":0,"comment_status":"closed","ping_status":"closed","template":"sidebar-page.php","meta":{"footnotes":"","_links_to":"","_links_to_target":""},"class_list":["post-5","page","type-page","status-publish","hentry"],"_links":{"self":[{"href":"https:\/\/www.xn--mks-lningen-vfb.de\/index.php?rest_route=\/wp\/v2\/pages\/5","targetHints":{"allow":["GET"]}}],"collection":[{"href":"https:\/\/www.xn--mks-lningen-vfb.de\/index.php?rest_route=\/wp\/v2\/pages"}],"about":[{"href":"https:\/\/www.xn--mks-lningen-vfb.de\/index.php?rest_route=\/wp\/v2\/types\/page"}],"author":[{"embeddable":true,"href":"https:\/\/www.xn--mks-lningen-vfb.de\/index.php?rest_route=\/wp\/v2\/users\/2"}],"replies":[{"embeddable":true,"href":"https:\/\/www.xn--mks-lningen-vfb.de\/index.php?rest_route=%2Fwp%2Fv2%2Fcomments&post=5"}],"version-history":[{"count":21,"href":"https:\/\/www.xn--mks-lningen-vfb.de\/index.php?rest_route=\/wp\/v2\/pages\/5\/revisions"}],"predecessor-version":[{"id":9443,"href":"https:\/\/www.xn--mks-lningen-vfb.de\/index.php?rest_route=\/wp\/v2\/pages\/5\/revisions\/9443"}],"wp:attachment":[{"href":"https:\/\/www.xn--mks-lningen-vfb.de\/index.php?rest_route=%2Fwp%2Fv2%2Fmedia&parent=5"}],"curies":[{"name":"wp","href":"https:\/\/api.w.org\/{rel}","templated":true}]}}