{"id":25,"date":"2012-03-14T08:19:04","date_gmt":"2012-03-14T08:19:04","guid":{"rendered":"http:\/\/mkruse.medienzentrum-clp.de\/loeningen\/?page_id=25"},"modified":"2016-09-28T15:34:18","modified_gmt":"2016-09-28T14:34:18","slug":"schulgemeinschaft","status":"publish","type":"page","link":"https:\/\/www.xn--mks-lningen-vfb.de\/?page_id=25","title":{"rendered":"Schulgemeinschaft"},"content":{"rendered":"<p>In unserer Schule herrscht eine freundliche und entspannte Atmosph\u00e4re. Wir gehen respektvoll und wertsch\u00e4tzend miteinander um. Das ist uns allen sehr wichtig!<\/p>\n<p>Mit viel Engagement, Einf\u00fchlungsverm\u00f6gen, gro\u00dfer Tatkraft und kreativen Ideen sorgen alle gemeinsam f\u00fcr eine gelingende Schulgemeinschaft und damit f\u00fcr die gr\u00f6\u00dftm\u00f6gliche F\u00f6rderung und Bildung der uns anvertrauten Kinder und Jugendlichen.<\/p>\n","protected":false},"excerpt":{"rendered":"<p>In unserer Schule herrscht eine freundliche und entspannte Atmosph\u00e4re. Wir gehen respektvoll und wertsch\u00e4tzend miteinander um. Das ist uns allen sehr wichtig! Mit viel Engagement, Einf\u00fchlungsverm\u00f6gen, gro\u00dfer Tatkraft und kreativen Ideen sorgen alle gemeinsam f\u00fcr eine gelingende Schulgemeinschaft und damit &hellip; <a href=\"https:\/\/www.xn--mks-lningen-vfb.de\/?page_id=25\">Weiterlesen <span class=\"meta-nav\">&rarr;<\/span><\/a><\/p>\n","protected":false},"author":2,"featured_media":0,"parent":0,"menu_order":0,"comment_status":"closed","ping_status":"open","template":"","meta":{"footnotes":"","_links_to":"","_links_to_target":""},"class_list":["post-25","page","type-page","status-publish","hentry"],"_links":{"self":[{"href":"https:\/\/www.xn--mks-lningen-vfb.de\/index.php?rest_route=\/wp\/v2\/pages\/25","targetHints":{"allow":["GET"]}}],"collection":[{"href":"https:\/\/www.xn--mks-lningen-vfb.de\/index.php?rest_route=\/wp\/v2\/pages"}],"about":[{"href":"https:\/\/www.xn--mks-lningen-vfb.de\/index.php?rest_route=\/wp\/v2\/types\/page"}],"author":[{"embeddable":true,"href":"https:\/\/www.xn--mks-lningen-vfb.de\/index.php?rest_route=\/wp\/v2\/users\/2"}],"replies":[{"embeddable":true,"href":"https:\/\/www.xn--mks-lningen-vfb.de\/index.php?rest_route=%2Fwp%2Fv2%2Fcomments&post=25"}],"version-history":[{"count":5,"href":"https:\/\/www.xn--mks-lningen-vfb.de\/index.php?rest_route=\/wp\/v2\/pages\/25\/revisions"}],"predecessor-version":[{"id":9570,"href":"https:\/\/www.xn--mks-lningen-vfb.de\/index.php?rest_route=\/wp\/v2\/pages\/25\/revisions\/9570"}],"wp:attachment":[{"href":"https:\/\/www.xn--mks-lningen-vfb.de\/index.php?rest_route=%2Fwp%2Fv2%2Fmedia&parent=25"}],"curies":[{"name":"wp","href":"https:\/\/api.w.org\/{rel}","templated":true}]}}