{"id":17,"date":"2012-03-14T08:16:47","date_gmt":"2012-03-14T08:16:47","guid":{"rendered":"http:\/\/mkruse.medienzentrum-clp.de\/loeningen\/?page_id=17"},"modified":"2020-08-27T09:44:42","modified_gmt":"2020-08-27T08:44:42","slug":"geschichte","status":"publish","type":"page","link":"https:\/\/www.xn--mks-lningen-vfb.de\/?page_id=17","title":{"rendered":"Geschichte"},"content":{"rendered":"<p>Kurze Geschichte der Maximilian-Kolbe-Schule<\/p>\n<p><b><span style=\"font-size: small;\">Im August 1969 wurden erstmals 12 &#8222;lernbehinderte Kinder&#8220; der Gemeinde L\u00f6ningen in einer &#8222;Sonderschulklasse&#8220; 3\/4 unterrichtet. Ein Jahr sp\u00e4ter wurde der Einzugsbereich der Sonderschule um die Gemeinden des Alten Amtes L\u00f6ningen erweitert (Essen, Lastrup, Lindern, Wachtum). Die Sch\u00fclerinnen und Sch\u00fcler waren in freistehenden R\u00e4umen allgemeinbildender Schulen oder Berufsschulen untergebracht. Nach mehreren Umz\u00fcgen erhielt die Sonderschule mit den Geb\u00e4uden der Landwirtschaftsschule (1973) und der Landwirtschaftlichen Berufsschule ab 1975 ihren endg\u00fcltigen Standort. Zu diesem Zeitpunkt hatte die Einrichtung mit 136 Sch\u00fclerinnen und Sch\u00fclern ihren h\u00f6chsten Stand. Entsprechend der konfessionellen Zusammensetzung dieser Region waren Kinder katholischen Bekenntnisses in einer deutlichen Mehrheit. Die Leitung der Schule hatte 1970 Sonderschullehrer Hubert Krause f\u00fcr 20 Jahre bis zu seiner Pensionierung \u00fcbernommen. 1976 wurde er der erste Rektor. Die Nachfolge trat im August 1991 F\u00f6rderschulrektorin Henriette Heile an. Im Jahr der Heiligsprechung des polnischen Paters Maximilian Kolbe erhielt die F\u00f6rderschule den Namen dieses Patrons: Maximilian-Kolbe-Schule (seit 15. Juli 1982). Seit 2009 gibt es als zweiten F\u00f6rderschwerpunkt den Bereich &#8222;Geistige Entwicklung&#8220; an unserer Schule. Im Jahr 2015 wurde Frau Heile in den Ruhestand verabschiedet. Seit dem 1. August 2015 ist Frau Krassen die neue Schulleiterin. Frau Schwarz ist seit 2017 die F\u00f6rderschulkonrektorin. Im Schuljahr 2020-21 ist die Maximilian-Kolbe-Schule F\u00f6rderzentrum und F\u00f6rderschule mit dem Schwerpunkt Geistige Entwicklung. Der F\u00f6rderschwerpunkt Lernen ist ausgelaufen.<br \/>\n<\/span><\/b><\/p>\n","protected":false},"excerpt":{"rendered":"<p>Kurze Geschichte der Maximilian-Kolbe-Schule Im August 1969 wurden erstmals 12 &#8222;lernbehinderte Kinder&#8220; der Gemeinde L\u00f6ningen in einer &#8222;Sonderschulklasse&#8220; 3\/4 unterrichtet. Ein Jahr sp\u00e4ter wurde der Einzugsbereich der Sonderschule um die Gemeinden des Alten Amtes L\u00f6ningen erweitert (Essen, Lastrup, Lindern, Wachtum). &hellip; <a href=\"https:\/\/www.xn--mks-lningen-vfb.de\/?page_id=17\">Weiterlesen <span class=\"meta-nav\">&rarr;<\/span><\/a><\/p>\n","protected":false},"author":2,"featured_media":0,"parent":9,"menu_order":0,"comment_status":"closed","ping_status":"open","template":"","meta":{"footnotes":"","_links_to":"","_links_to_target":""},"class_list":["post-17","page","type-page","status-publish","hentry"],"_links":{"self":[{"href":"https:\/\/www.xn--mks-lningen-vfb.de\/index.php?rest_route=\/wp\/v2\/pages\/17","targetHints":{"allow":["GET"]}}],"collection":[{"href":"https:\/\/www.xn--mks-lningen-vfb.de\/index.php?rest_route=\/wp\/v2\/pages"}],"about":[{"href":"https:\/\/www.xn--mks-lningen-vfb.de\/index.php?rest_route=\/wp\/v2\/types\/page"}],"author":[{"embeddable":true,"href":"https:\/\/www.xn--mks-lningen-vfb.de\/index.php?rest_route=\/wp\/v2\/users\/2"}],"replies":[{"embeddable":true,"href":"https:\/\/www.xn--mks-lningen-vfb.de\/index.php?rest_route=%2Fwp%2Fv2%2Fcomments&post=17"}],"version-history":[{"count":4,"href":"https:\/\/www.xn--mks-lningen-vfb.de\/index.php?rest_route=\/wp\/v2\/pages\/17\/revisions"}],"predecessor-version":[{"id":12703,"href":"https:\/\/www.xn--mks-lningen-vfb.de\/index.php?rest_route=\/wp\/v2\/pages\/17\/revisions\/12703"}],"up":[{"embeddable":true,"href":"https:\/\/www.xn--mks-lningen-vfb.de\/index.php?rest_route=\/wp\/v2\/pages\/9"}],"wp:attachment":[{"href":"https:\/\/www.xn--mks-lningen-vfb.de\/index.php?rest_route=%2Fwp%2Fv2%2Fmedia&parent=17"}],"curies":[{"name":"wp","href":"https:\/\/api.w.org\/{rel}","templated":true}]}}