{"id":16341,"date":"2025-11-20T08:08:20","date_gmt":"2025-11-20T07:08:20","guid":{"rendered":"https:\/\/www.xn--mks-lningen-vfb.de\/?page_id=16341"},"modified":"2025-11-20T08:08:20","modified_gmt":"2025-11-20T07:08:20","slug":"leitfaden-fuer-eltern","status":"publish","type":"page","link":"https:\/\/www.xn--mks-lningen-vfb.de\/?page_id=16341","title":{"rendered":"Leitfaden f\u00fcr Eltern"},"content":{"rendered":"\n<div data-wp-interactive=\"core\/file\" class=\"wp-block-file\"><object data-wp-bind--hidden=\"!state.hasPdfPreview\" hidden class=\"wp-block-file__embed\" data=\"https:\/\/www.xn--mks-lningen-vfb.de\/wp-content\/uploads\/2025\/11\/Ein-Leitfaden-fuer-Eltern-jugendlicher-Schuelerinnen-und-Schueler-mit-Beeintraechtigungen-im-Bereich-geistiger-Entwicklung.pdf\" type=\"application\/pdf\" style=\"width:100%;height:600px\" aria-label=\"Einbettung von Ein Leitfaden f\u00fcr Eltern jugendlicher Sch\u00fclerinnen und Sch\u00fcler mit Beeintr\u00e4chtigungen im Bereich geistiger Entwicklung.\"><\/object><a id=\"wp-block-file--media-ed3b328a-2ca5-4221-9bbf-141ea06fa684\" href=\"https:\/\/www.xn--mks-lningen-vfb.de\/wp-content\/uploads\/2025\/11\/Ein-Leitfaden-fuer-Eltern-jugendlicher-Schuelerinnen-und-Schueler-mit-Beeintraechtigungen-im-Bereich-geistiger-Entwicklung.pdf\">Ein Leitfaden f\u00fcr Eltern jugendlicher Sch\u00fclerinnen und Sch\u00fcler mit Beeintr\u00e4chtigungen im Bereich geistiger Entwicklung<\/a><a href=\"https:\/\/www.xn--mks-lningen-vfb.de\/wp-content\/uploads\/2025\/11\/Ein-Leitfaden-fuer-Eltern-jugendlicher-Schuelerinnen-und-Schueler-mit-Beeintraechtigungen-im-Bereich-geistiger-Entwicklung.pdf\" class=\"wp-block-file__button wp-element-button\" download aria-describedby=\"wp-block-file--media-ed3b328a-2ca5-4221-9bbf-141ea06fa684\">Herunterladen<\/a><\/div>\n","protected":false},"excerpt":{"rendered":"","protected":false},"author":2,"featured_media":0,"parent":0,"menu_order":0,"comment_status":"closed","ping_status":"closed","template":"","meta":{"footnotes":"","_links_to":"","_links_to_target":""},"class_list":["post-16341","page","type-page","status-publish","hentry"],"_links":{"self":[{"href":"https:\/\/www.xn--mks-lningen-vfb.de\/index.php?rest_route=\/wp\/v2\/pages\/16341","targetHints":{"allow":["GET"]}}],"collection":[{"href":"https:\/\/www.xn--mks-lningen-vfb.de\/index.php?rest_route=\/wp\/v2\/pages"}],"about":[{"href":"https:\/\/www.xn--mks-lningen-vfb.de\/index.php?rest_route=\/wp\/v2\/types\/page"}],"author":[{"embeddable":true,"href":"https:\/\/www.xn--mks-lningen-vfb.de\/index.php?rest_route=\/wp\/v2\/users\/2"}],"replies":[{"embeddable":true,"href":"https:\/\/www.xn--mks-lningen-vfb.de\/index.php?rest_route=%2Fwp%2Fv2%2Fcomments&post=16341"}],"version-history":[{"count":1,"href":"https:\/\/www.xn--mks-lningen-vfb.de\/index.php?rest_route=\/wp\/v2\/pages\/16341\/revisions"}],"predecessor-version":[{"id":16345,"href":"https:\/\/www.xn--mks-lningen-vfb.de\/index.php?rest_route=\/wp\/v2\/pages\/16341\/revisions\/16345"}],"wp:attachment":[{"href":"https:\/\/www.xn--mks-lningen-vfb.de\/index.php?rest_route=%2Fwp%2Fv2%2Fmedia&parent=16341"}],"curies":[{"name":"wp","href":"https:\/\/api.w.org\/{rel}","templated":true}]}}