{"id":14,"date":"2012-03-14T08:16:20","date_gmt":"2012-03-14T08:16:20","guid":{"rendered":"http:\/\/mkruse.medienzentrum-clp.de\/loeningen\/?page_id=14"},"modified":"2025-09-10T09:42:06","modified_gmt":"2025-09-10T08:42:06","slug":"daten","status":"publish","type":"page","link":"https:\/\/www.xn--mks-lningen-vfb.de\/?page_id=14","title":{"rendered":"Daten"},"content":{"rendered":"<div><strong>Schulsituation im Schuljahr 2025\/26<\/strong><\/div>\n<div><\/div>\n<div><strong><span style=\"text-decoration: underline;\">Anzahl der Sch\u00fclerinnen und Sch\u00fcler<\/span><span style=\"text-decoration: underline;\">:<\/span> 130<\/strong><\/div>\n<div>\n<p><b><span style=\"text-decoration: underline;\">Klassen: 17<\/span><\/b><\/p>\n<p><b><span style=\"text-decoration: underline;\">Lehrpersonen: 40<br \/>\n<\/span><\/b><\/p>\n<ul>\n<li>34 Lehrerinnen, 2 Lehrer, jeweils mit einem Studium in verschiedenen sonderp\u00e4dagogischen Fachrichtungen<\/li>\n<li>3 Lehramtsanw\u00e4rterinnen<\/li>\n<li>Personalvertretung: Jessica Stindt, Christina Schmitt, Juliane Hagelstein, Julia Hellweg, Neele T\u00f6bben<\/li>\n<\/ul>\n<p><b><span style=\"text-decoration: underline;\">P\u00e4dagogische und therapeutische Fachkr\u00e4fte: 21<\/span><br \/>\n<\/b><\/p>\n<ul>\n<li>15 Heilerziehungspflegerinnen \/-pfleger (inkl. 1 Heilp\u00e4dagogin, 1 Motop\u00e4din)<\/li>\n<li>1 Ergotherapeutin\/Fachkraft Autismus Spektrum St\u00f6rung<\/li>\n<li>2 Physiotherapeutinnen, davon 1 Fachkraft Autismus Spektrum St\u00f6rung<\/li>\n<li>2 Logop\u00e4dinnen, davon 1 Fachtherapeutin Kindersprache: Schwerpunkkt Autismus<\/li>\n<\/ul>\n<p><span style=\"text-decoration: underline;\"><strong>Schulbegleiterinnen\/-er:<\/strong> <strong>19<\/strong><br \/>\n<\/span><\/p>\n<p><b><span style=\"text-decoration: underline;\">Schulleitung<\/span><\/b><\/p>\n<ul>\n<li>F\u00f6rderschulrektorin:\u00a0Annegret Krassen<\/li>\n<li>F\u00f6rderschulkonrektorin: Marion Schwarz<\/li>\n<\/ul>\n<\/div>\n<div><span style=\"text-decoration: underline;\"><b>MitarbeiterInnen:<\/b><\/span><\/div>\n<ul>\n<li>Verwaltung\/Sekret\u00e4tin: Oksana Niemann<\/li>\n<li>Hausmeister: Matthias Richter<\/li>\n<\/ul>\n<div><strong>Bundesfreiwilligendienstlerinnen: &#8211;<\/strong><\/div>\n<div><\/div>\n<div><span style=\"text-decoration: underline;\"><b>Schultr\u00e4ger<\/b><\/span><\/div>\n<ul>\n<li>Landkreis Cloppenburg<\/li>\n<\/ul>\n","protected":false},"excerpt":{"rendered":"<p>Schulsituation im Schuljahr 2025\/26 Anzahl der Sch\u00fclerinnen und Sch\u00fcler: 130 Klassen: 17 Lehrpersonen: 40 34 Lehrerinnen, 2 Lehrer, jeweils mit einem Studium in verschiedenen sonderp\u00e4dagogischen Fachrichtungen 3 Lehramtsanw\u00e4rterinnen Personalvertretung: Jessica Stindt, Christina Schmitt, Juliane Hagelstein, Julia Hellweg, Neele T\u00f6bben P\u00e4dagogische &hellip; <a href=\"https:\/\/www.xn--mks-lningen-vfb.de\/?page_id=14\">Weiterlesen <span class=\"meta-nav\">&rarr;<\/span><\/a><\/p>\n","protected":false},"author":2,"featured_media":0,"parent":9,"menu_order":0,"comment_status":"closed","ping_status":"open","template":"","meta":{"footnotes":"","_links_to":"","_links_to_target":""},"class_list":["post-14","page","type-page","status-publish","hentry"],"_links":{"self":[{"href":"https:\/\/www.xn--mks-lningen-vfb.de\/index.php?rest_route=\/wp\/v2\/pages\/14","targetHints":{"allow":["GET"]}}],"collection":[{"href":"https:\/\/www.xn--mks-lningen-vfb.de\/index.php?rest_route=\/wp\/v2\/pages"}],"about":[{"href":"https:\/\/www.xn--mks-lningen-vfb.de\/index.php?rest_route=\/wp\/v2\/types\/page"}],"author":[{"embeddable":true,"href":"https:\/\/www.xn--mks-lningen-vfb.de\/index.php?rest_route=\/wp\/v2\/users\/2"}],"replies":[{"embeddable":true,"href":"https:\/\/www.xn--mks-lningen-vfb.de\/index.php?rest_route=%2Fwp%2Fv2%2Fcomments&post=14"}],"version-history":[{"count":64,"href":"https:\/\/www.xn--mks-lningen-vfb.de\/index.php?rest_route=\/wp\/v2\/pages\/14\/revisions"}],"predecessor-version":[{"id":16306,"href":"https:\/\/www.xn--mks-lningen-vfb.de\/index.php?rest_route=\/wp\/v2\/pages\/14\/revisions\/16306"}],"up":[{"embeddable":true,"href":"https:\/\/www.xn--mks-lningen-vfb.de\/index.php?rest_route=\/wp\/v2\/pages\/9"}],"wp:attachment":[{"href":"https:\/\/www.xn--mks-lningen-vfb.de\/index.php?rest_route=%2Fwp%2Fv2%2Fmedia&parent=14"}],"curies":[{"name":"wp","href":"https:\/\/api.w.org\/{rel}","templated":true}]}}