{"id":10994,"date":"2018-03-15T09:07:09","date_gmt":"2018-03-15T08:07:09","guid":{"rendered":"http:\/\/www.xn--mks-lningen-vfb.de\/?page_id=10994"},"modified":"2024-09-02T10:22:16","modified_gmt":"2024-09-02T09:22:16","slug":"ags","status":"publish","type":"page","link":"https:\/\/www.xn--mks-lningen-vfb.de\/?page_id=10994","title":{"rendered":"AGs"},"content":{"rendered":"<p>In unser Angebot f\u00fcr die Sch\u00fclerinnen und Sch\u00fcler haben wir Arbeitsgemeinschaften (AGs) aufgenommen, um den Kindern und Jugendlichen zu erm\u00f6glichen, nach individueller Interessenslage in verschiedensten Bereichen Erfahrungen zu sammeln und somit u.a. Anregungen zur Freizeitgestaltung erhalten zu k\u00f6nnen.<\/p>\n<p>Folgende AGs werden regelm\u00e4\u00dfig angeboten:<\/p>\n<ul>\n<li>Ball-AG<\/li>\n<li>Film-AG<\/li>\n<li>Kreativ-AG<\/li>\n<li>Bewegungs-AG<\/li>\n<li>Sport-AG<\/li>\n<li>Fu\u00dfball-AG<\/li>\n<li>Spiele-AG<\/li>\n<li>Back-AG<\/li>\n<li>Fingerfood-AG<\/li>\n<li>Br\u00f6tchen-AG<\/li>\n<li>Catering-AG<\/li>\n<li>Outdoor-AG<\/li>\n<\/ul>\n<p><a href=\"http:\/\/www.xn--mks-lningen-vfb.de\/wp-content\/uploads\/2018\/03\/Traumf\u00e4nger-1.jpg\" rel=\"lightbox[10994]\"><img loading=\"lazy\" decoding=\"async\" class=\"size-thumbnail wp-image-10995 alignleft\" src=\"http:\/\/www.xn--mks-lningen-vfb.de\/wp-content\/uploads\/2018\/03\/Traumf\u00e4nger-1-150x150.jpg\" alt=\"\" width=\"150\" height=\"150\" data-id=\"10995\" \/><\/a> <a href=\"http:\/\/www.xn--mks-lningen-vfb.de\/wp-content\/uploads\/2018\/03\/Traumf\u00e4nger-2.jpg\" rel=\"lightbox[10994]\"><img loading=\"lazy\" decoding=\"async\" class=\"size-thumbnail wp-image-10996 alignleft\" src=\"http:\/\/www.xn--mks-lningen-vfb.de\/wp-content\/uploads\/2018\/03\/Traumf\u00e4nger-2-150x150.jpg\" alt=\"\" width=\"150\" height=\"150\" data-id=\"10996\" \/><\/a>Hier haben die Sch\u00fclerinnen der Kreativ-AG unter der Leitung von Frau Schmees und Frau Grafe Traumf\u00e4nger gebastelt.<\/p>\n","protected":false},"excerpt":{"rendered":"<p>In unser Angebot f\u00fcr die Sch\u00fclerinnen und Sch\u00fcler haben wir Arbeitsgemeinschaften (AGs) aufgenommen, um den Kindern und Jugendlichen zu erm\u00f6glichen, nach individueller Interessenslage in verschiedensten Bereichen Erfahrungen zu sammeln und somit u.a. Anregungen zur Freizeitgestaltung erhalten zu k\u00f6nnen. Folgende AGs &hellip; <a href=\"https:\/\/www.xn--mks-lningen-vfb.de\/?page_id=10994\">Weiterlesen <span class=\"meta-nav\">&rarr;<\/span><\/a><\/p>\n","protected":false},"author":2,"featured_media":0,"parent":45,"menu_order":0,"comment_status":"closed","ping_status":"closed","template":"","meta":{"footnotes":"","_links_to":"","_links_to_target":""},"class_list":["post-10994","page","type-page","status-publish","hentry"],"_links":{"self":[{"href":"https:\/\/www.xn--mks-lningen-vfb.de\/index.php?rest_route=\/wp\/v2\/pages\/10994","targetHints":{"allow":["GET"]}}],"collection":[{"href":"https:\/\/www.xn--mks-lningen-vfb.de\/index.php?rest_route=\/wp\/v2\/pages"}],"about":[{"href":"https:\/\/www.xn--mks-lningen-vfb.de\/index.php?rest_route=\/wp\/v2\/types\/page"}],"author":[{"embeddable":true,"href":"https:\/\/www.xn--mks-lningen-vfb.de\/index.php?rest_route=\/wp\/v2\/users\/2"}],"replies":[{"embeddable":true,"href":"https:\/\/www.xn--mks-lningen-vfb.de\/index.php?rest_route=%2Fwp%2Fv2%2Fcomments&post=10994"}],"version-history":[{"count":12,"href":"https:\/\/www.xn--mks-lningen-vfb.de\/index.php?rest_route=\/wp\/v2\/pages\/10994\/revisions"}],"predecessor-version":[{"id":15621,"href":"https:\/\/www.xn--mks-lningen-vfb.de\/index.php?rest_route=\/wp\/v2\/pages\/10994\/revisions\/15621"}],"up":[{"embeddable":true,"href":"https:\/\/www.xn--mks-lningen-vfb.de\/index.php?rest_route=\/wp\/v2\/pages\/45"}],"wp:attachment":[{"href":"https:\/\/www.xn--mks-lningen-vfb.de\/index.php?rest_route=%2Fwp%2Fv2%2Fmedia&parent=10994"}],"curies":[{"name":"wp","href":"https:\/\/api.w.org\/{rel}","templated":true}]}}