{"id":10414,"date":"2017-08-25T11:38:32","date_gmt":"2017-08-25T10:38:32","guid":{"rendered":"http:\/\/www.xn--mks-lningen-vfb.de\/?page_id=10414"},"modified":"2025-04-23T12:28:56","modified_gmt":"2025-04-23T11:28:56","slug":"informationen-fuer-eltern","status":"publish","type":"page","link":"https:\/\/www.xn--mks-lningen-vfb.de\/?page_id=10414","title":{"rendered":"Informationen f\u00fcr Eltern"},"content":{"rendered":"\n<div class=\"wp-block-group\"><div class=\"wp-block-group__inner-container is-layout-flow wp-block-group-is-layout-flow\">\n<p>Auf dieser Seiten finden Sie\u00a0folgende Informationen:<\/p>\n<ul>\n<li><a href=\"http:\/\/www.xn--mks-lningen-vfb.de\/?attachment_id=10653\" rel=\"attachment wp-att-10653\">MKS Flyer in Russisch<\/a><\/li>\n<li><a href=\"https:\/\/www.xn--mks-lningen-vfb.de\/wp-content\/uploads\/2025\/04\/Anmeldeformular.docx\">Anmeldeformular<\/a><\/li>\n<li><a href=\"https:\/\/www.xn--mks-lningen-vfb.de\/wp-content\/uploads\/2025\/04\/Flyer-2025.pdf\">Flyer 2025<\/a><\/li>\n<li>Schulordnung &#8211; Bitte klicken Sie auf <a href=\"http:\/\/www.xn--mks-lningen-vfb.de\/wp-content\/uploads\/2017\/08\/Schulordnung-2017.pdf\">Schulordnung <\/a><\/li>\n<li>Schulordnung in leichter Sprache: Bitte klicken Sie auf <a href=\"http:\/\/www.xn--mks-lningen-vfb.de\/wp-content\/uploads\/2017\/08\/Schulordnung-in-leichter-Sprache.pdf\">Schulordnung in leichter Sprache<\/a><\/li>\n<li>Information \u00fcber die Verarbeitung personenbezogener Daten in unserer Schule <a href=\"http:\/\/www.xn--mks-lningen-vfb.de\/wp-content\/uploads\/2019\/03\/Informationsblatt-gem\u00e4\u00df-Art.-13-ff.-Datenschutzgrundverordnung-DSGVO-f\u00fcr-Eltern.pdf\">Informationsblatt gem\u00e4\u00df Art. 13 ff. Datenschutzgrundverordnung (DSGVO) f\u00fcr Eltern<\/a> <a href=\"http:\/\/www.xn--mks-lningen-vfb.de\/wp-content\/uploads\/2019\/03\/\u00dcbersicht-Verarbeitung-personenbezogener-Daten.pdf\">\u00dcbersicht Verarbeitung personenbezogener Daten<\/a><\/li>\n<li>Im Rahmen der Pr\u00e4ventionsarbeit gibt es in der Brosch\u00fcre vom DGUV f\u00fcr Eltern und\u00a0 Erziehungsberechtigten der kommenden Erstkl\u00e4ssler Informtionen \u00fcber Aufgaben und Leistungsumfang der gesetzlichen \u201eSch\u00fclerunfallversicherung\u201c und Tipps, wie Eltern dazu beitragen k\u00f6nnen, ihr Kind vor Unf\u00e4llen und Gesundheitsgefahren zu sch\u00fctzen. <a href=\"https:\/\/publikationen.dguv.de\/uebergreifende-themen\/3052\/schueler-unfallversicherung?number=SW17052\">https:\/\/<\/a><a href=\"https:\/\/publikationen.dguv.de\/uebergreifende-themen\/3052\/schueler-unfallversicherung?number=SW17052\">publikationen.dguv.de\/uebergreifende-themen\/3052\/schueler-unfallversicherung?number=SW17052<\/a><\/li>\n<li><span style=\"color: #000000;\">Scharlach<strong>: <\/strong><\/span>Bitte beachten Sie folgende Hinweise! <a href=\"http:\/\/www.xn--mks-lningen-vfb.de\/?attachment_id=10494\" rel=\"attachment wp-att-10494\">Erregersteckbrief_Scharlach<\/a><\/li>\n<li>Pflegeleistungen <a href=\"http:\/\/www.xn--mks-lningen-vfb.de\/wp-content\/uploads\/2018\/03\/Pflegegeld.pdf\">Pflegegeld<\/a><\/li>\n<li>FED-H\u00e4usliche Betreuung-ein Angebot des FEDs-F\u00fcr Menschen mit Behinderung und ihre Familien <a href=\"http:\/\/www.xn--mks-lningen-vfb.de\/wp-content\/uploads\/2018\/03\/Flyer-FED-H\u00e4usliche-Betreuung.pdf\">Flyer FED-H\u00e4usliche Betreuung<\/a><\/li>\n<li>Kontakt Caritas Verein Altenoythe e.V. &#8222;Wohnen f\u00fcr die Zukunft&#8220;<\/li>\n<\/ul>\n<p><!--more--><\/p>\n<\/div><\/div>\n\n\n\n<figure class=\"wp-block-image size-full\"><a href=\"https:\/\/www.xn--mks-lningen-vfb.de\/wp-content\/uploads\/2023\/09\/grafik-1.png\" rel=\"lightbox[10414]\"><img loading=\"lazy\" decoding=\"async\" width=\"393\" height=\"263\" src=\"https:\/\/www.xn--mks-lningen-vfb.de\/wp-content\/uploads\/2023\/09\/grafik-1.png\" alt=\"\" class=\"wp-image-14851\" srcset=\"https:\/\/www.xn--mks-lningen-vfb.de\/wp-content\/uploads\/2023\/09\/grafik-1.png 393w, https:\/\/www.xn--mks-lningen-vfb.de\/wp-content\/uploads\/2023\/09\/grafik-1-300x201.png 300w\" sizes=\"auto, (max-width: 393px) 100vw, 393px\" \/><\/a><\/figure>\n\n\n\n<ul class=\"wp-block-list\">\n<li>Familienlotsin des Landkreises Cloppenburg: Ansprechpartnerin f\u00fcr Familien, die nicht wissen, wo sie die richtige Hilfe f\u00fcr sich und ihre Problemlagen finden. <\/li>\n<\/ul>\n\n\n\n<div class=\"wp-block-file\"><a id=\"wp-block-file--media-e960f968-6ac1-4ae1-8f42-94304ecb169b\" href=\"https:\/\/www.xn--mks-lningen-vfb.de\/wp-content\/uploads\/2024\/02\/Flyer-Familienlotsin-Januar-2024.pdf\">Flyer-Familienlotsin-Januar-2024<\/a><a href=\"https:\/\/www.xn--mks-lningen-vfb.de\/wp-content\/uploads\/2024\/02\/Flyer-Familienlotsin-Januar-2024.pdf\" class=\"wp-block-file__button wp-element-button\" download aria-describedby=\"wp-block-file--media-e960f968-6ac1-4ae1-8f42-94304ecb169b\">Herunterladen<\/a><\/div>\n\n\n\n<ul class=\"wp-block-list\">\n<li><strong>Kostenloses Beratungsangebot f\u00fcr alle mit Migrationshintergrund<\/strong><\/li>\n<\/ul>\n\n\n\n<figure class=\"wp-block-image size-large\"><a href=\"https:\/\/www.xn--mks-lningen-vfb.de\/wp-content\/uploads\/2024\/04\/IMG_8123-scaled.jpg\" rel=\"lightbox[10414]\"><img loading=\"lazy\" decoding=\"async\" width=\"1024\" height=\"706\" src=\"https:\/\/www.xn--mks-lningen-vfb.de\/wp-content\/uploads\/2024\/04\/IMG_8123-1024x706.jpg\" alt=\"\" class=\"wp-image-15198\" srcset=\"https:\/\/www.xn--mks-lningen-vfb.de\/wp-content\/uploads\/2024\/04\/IMG_8123-1024x706.jpg 1024w, https:\/\/www.xn--mks-lningen-vfb.de\/wp-content\/uploads\/2024\/04\/IMG_8123-300x207.jpg 300w, https:\/\/www.xn--mks-lningen-vfb.de\/wp-content\/uploads\/2024\/04\/IMG_8123-768x530.jpg 768w, https:\/\/www.xn--mks-lningen-vfb.de\/wp-content\/uploads\/2024\/04\/IMG_8123-1536x1059.jpg 1536w, https:\/\/www.xn--mks-lningen-vfb.de\/wp-content\/uploads\/2024\/04\/IMG_8123-2048x1412.jpg 2048w, https:\/\/www.xn--mks-lningen-vfb.de\/wp-content\/uploads\/2024\/04\/IMG_8123-435x300.jpg 435w\" sizes=\"auto, (max-width: 1024px) 100vw, 1024px\" \/><\/a><\/figure>\n\n\n\n<figure class=\"wp-block-image size-large\"><a href=\"https:\/\/www.xn--mks-lningen-vfb.de\/wp-content\/uploads\/2024\/04\/IMG_8124-scaled.jpg\" rel=\"lightbox[10414]\"><img loading=\"lazy\" decoding=\"async\" width=\"1024\" height=\"747\" src=\"https:\/\/www.xn--mks-lningen-vfb.de\/wp-content\/uploads\/2024\/04\/IMG_8124-1024x747.jpg\" alt=\"\" class=\"wp-image-15199\" srcset=\"https:\/\/www.xn--mks-lningen-vfb.de\/wp-content\/uploads\/2024\/04\/IMG_8124-1024x747.jpg 1024w, https:\/\/www.xn--mks-lningen-vfb.de\/wp-content\/uploads\/2024\/04\/IMG_8124-300x219.jpg 300w, https:\/\/www.xn--mks-lningen-vfb.de\/wp-content\/uploads\/2024\/04\/IMG_8124-768x560.jpg 768w, https:\/\/www.xn--mks-lningen-vfb.de\/wp-content\/uploads\/2024\/04\/IMG_8124-1536x1120.jpg 1536w, https:\/\/www.xn--mks-lningen-vfb.de\/wp-content\/uploads\/2024\/04\/IMG_8124-2048x1493.jpg 2048w, https:\/\/www.xn--mks-lningen-vfb.de\/wp-content\/uploads\/2024\/04\/IMG_8124-411x300.jpg 411w\" sizes=\"auto, (max-width: 1024px) 100vw, 1024px\" \/><\/a><\/figure>\n\n\n\n<figure class=\"wp-block-image size-large\"><a href=\"https:\/\/www.xn--mks-lningen-vfb.de\/wp-content\/uploads\/2024\/04\/IMG_8125-scaled.jpg\" rel=\"lightbox[10414]\"><img loading=\"lazy\" decoding=\"async\" width=\"1024\" height=\"758\" src=\"https:\/\/www.xn--mks-lningen-vfb.de\/wp-content\/uploads\/2024\/04\/IMG_8125-1024x758.jpg\" alt=\"\" class=\"wp-image-15201\" srcset=\"https:\/\/www.xn--mks-lningen-vfb.de\/wp-content\/uploads\/2024\/04\/IMG_8125-1024x758.jpg 1024w, https:\/\/www.xn--mks-lningen-vfb.de\/wp-content\/uploads\/2024\/04\/IMG_8125-300x222.jpg 300w, https:\/\/www.xn--mks-lningen-vfb.de\/wp-content\/uploads\/2024\/04\/IMG_8125-768x569.jpg 768w, https:\/\/www.xn--mks-lningen-vfb.de\/wp-content\/uploads\/2024\/04\/IMG_8125-1536x1137.jpg 1536w, https:\/\/www.xn--mks-lningen-vfb.de\/wp-content\/uploads\/2024\/04\/IMG_8125-2048x1516.jpg 2048w, https:\/\/www.xn--mks-lningen-vfb.de\/wp-content\/uploads\/2024\/04\/IMG_8125-405x300.jpg 405w\" sizes=\"auto, (max-width: 1024px) 100vw, 1024px\" \/><\/a><\/figure>\n","protected":false},"excerpt":{"rendered":"<p>Auf dieser Seiten finden Sie\u00a0folgende Informationen: MKS Flyer in Russisch Anmeldeformular Flyer 2025 Schulordnung &#8211; Bitte klicken Sie auf Schulordnung Schulordnung in leichter Sprache: Bitte klicken Sie auf Schulordnung in leichter Sprache Information \u00fcber die Verarbeitung personenbezogener Daten in unserer &hellip; <a href=\"https:\/\/www.xn--mks-lningen-vfb.de\/?page_id=10414\">Weiterlesen <span class=\"meta-nav\">&rarr;<\/span><\/a><\/p>\n","protected":false},"author":2,"featured_media":0,"parent":9,"menu_order":0,"comment_status":"closed","ping_status":"closed","template":"","meta":{"footnotes":"","_links_to":"","_links_to_target":""},"class_list":["post-10414","page","type-page","status-publish","hentry"],"_links":{"self":[{"href":"https:\/\/www.xn--mks-lningen-vfb.de\/index.php?rest_route=\/wp\/v2\/pages\/10414","targetHints":{"allow":["GET"]}}],"collection":[{"href":"https:\/\/www.xn--mks-lningen-vfb.de\/index.php?rest_route=\/wp\/v2\/pages"}],"about":[{"href":"https:\/\/www.xn--mks-lningen-vfb.de\/index.php?rest_route=\/wp\/v2\/types\/page"}],"author":[{"embeddable":true,"href":"https:\/\/www.xn--mks-lningen-vfb.de\/index.php?rest_route=\/wp\/v2\/users\/2"}],"replies":[{"embeddable":true,"href":"https:\/\/www.xn--mks-lningen-vfb.de\/index.php?rest_route=%2Fwp%2Fv2%2Fcomments&post=10414"}],"version-history":[{"count":29,"href":"https:\/\/www.xn--mks-lningen-vfb.de\/index.php?rest_route=\/wp\/v2\/pages\/10414\/revisions"}],"predecessor-version":[{"id":16351,"href":"https:\/\/www.xn--mks-lningen-vfb.de\/index.php?rest_route=\/wp\/v2\/pages\/10414\/revisions\/16351"}],"up":[{"embeddable":true,"href":"https:\/\/www.xn--mks-lningen-vfb.de\/index.php?rest_route=\/wp\/v2\/pages\/9"}],"wp:attachment":[{"href":"https:\/\/www.xn--mks-lningen-vfb.de\/index.php?rest_route=%2Fwp%2Fv2%2Fmedia&parent=10414"}],"curies":[{"name":"wp","href":"https:\/\/api.w.org\/{rel}","templated":true}]}}